{"id":506,"date":"2024-02-11T14:06:34","date_gmt":"2024-02-11T14:06:34","guid":{"rendered":"https:\/\/westbau.it\/?page_id=506"},"modified":"2024-05-31T18:06:41","modified_gmt":"2024-05-31T18:06:41","slug":"tscherms-trojenweg","status":"publish","type":"page","link":"https:\/\/westbau.it\/it\/tscherms-trojenweg\/","title":{"rendered":"TSCHERMS &#8211; TROJENWEG"},"content":{"rendered":"<div data-elementor-type=\"wp-page\" data-elementor-id=\"506\" class=\"elementor elementor-506\" data-elementor-post-type=\"page\">\n\t\t\t\t\t\t<section class=\"elementor-section elementor-top-section elementor-element elementor-element-62ecd29 elementor-section-boxed elementor-section-height-default elementor-section-height-default\" data-id=\"62ecd29\" data-element_type=\"section\" data-settings=\"{&quot;background_background&quot;:&quot;classic&quot;}\">\n\t\t\t\t\t\t<div class=\"elementor-container elementor-column-gap-default\">\n\t\t\t\t\t<div class=\"elementor-column elementor-col-100 elementor-top-column elementor-element elementor-element-1a104e4\" data-id=\"1a104e4\" data-element_type=\"column\">\n\t\t\t<div class=\"elementor-widget-wrap elementor-element-populated\">\n\t\t\t\t\t\t<div class=\"elementor-element elementor-element-6516843 elementor-widget elementor-widget-heading\" data-id=\"6516843\" data-element_type=\"widget\" data-widget_type=\"heading.default\">\n\t\t\t\t<div class=\"elementor-widget-container\">\n\t\t\t<style>\/*! elementor - v3.21.0 - 26-05-2024 *\/\n.elementor-heading-title{padding:0;margin:0;line-height:1}.elementor-widget-heading .elementor-heading-title[class*=elementor-size-]>a{color:inherit;font-size:inherit;line-height:inherit}.elementor-widget-heading .elementor-heading-title.elementor-size-small{font-size:15px}.elementor-widget-heading .elementor-heading-title.elementor-size-medium{font-size:19px}.elementor-widget-heading .elementor-heading-title.elementor-size-large{font-size:29px}.elementor-widget-heading .elementor-heading-title.elementor-size-xl{font-size:39px}.elementor-widget-heading .elementor-heading-title.elementor-size-xxl{font-size:59px}<\/style><h1 class=\"elementor-heading-title elementor-size-default\">CERMES - VIA TROJEN<\/h1>\t\t<\/div>\n\t\t\t\t<\/div>\n\t\t\t\t\t<\/div>\n\t\t<\/div>\n\t\t\t\t\t<\/div>\n\t\t<\/section>\n\t\t\t\t<section class=\"elementor-section elementor-top-section elementor-element elementor-element-228162ef elementor-section-content-middle elementor-section-boxed elementor-section-height-default elementor-section-height-default\" data-id=\"228162ef\" data-element_type=\"section\" data-settings=\"{&quot;background_background&quot;:&quot;classic&quot;}\">\n\t\t\t\t\t\t<div class=\"elementor-container elementor-column-gap-default\">\n\t\t\t\t\t<div class=\"elementor-column elementor-col-50 elementor-top-column elementor-element elementor-element-2ebf2da9\" data-id=\"2ebf2da9\" data-element_type=\"column\">\n\t\t\t<div class=\"elementor-widget-wrap elementor-element-populated\">\n\t\t\t\t\t\t<div class=\"elementor-element elementor-element-8c63187 elementor-widget elementor-widget-image\" data-id=\"8c63187\" data-element_type=\"widget\" data-widget_type=\"image.default\">\n\t\t\t\t<div class=\"elementor-widget-container\">\n\t\t\t<style>\/*! elementor - v3.21.0 - 26-05-2024 *\/\n.elementor-widget-image{text-align:center}.elementor-widget-image a{display:inline-block}.elementor-widget-image a img[src$=\".svg\"]{width:48px}.elementor-widget-image img{vertical-align:middle;display:inline-block}<\/style>\t\t\t\t\t\t\t\t\t\t<img fetchpriority=\"high\" decoding=\"async\" width=\"800\" height=\"201\" src=\"https:\/\/westbau.it\/wp-content\/uploads\/2024\/02\/logo-1024x257.jpg\" class=\"attachment-large size-large wp-image-105\" alt=\"\" srcset=\"https:\/\/westbau.it\/wp-content\/uploads\/2024\/02\/logo-1024x257.jpg 1024w, https:\/\/westbau.it\/wp-content\/uploads\/2024\/02\/logo-300x75.jpg 300w, https:\/\/westbau.it\/wp-content\/uploads\/2024\/02\/logo-768x193.jpg 768w, https:\/\/westbau.it\/wp-content\/uploads\/2024\/02\/logo-1536x386.jpg 1536w, https:\/\/westbau.it\/wp-content\/uploads\/2024\/02\/logo-2048x514.jpg 2048w\" sizes=\"(max-width: 800px) 100vw, 800px\" \/>\t\t\t\t\t\t\t\t\t\t\t\t\t<\/div>\n\t\t\t\t<\/div>\n\t\t\t\t<div class=\"elementor-element elementor-element-1e017f1 elementor-widget__width-initial elementor-widget elementor-widget-heading\" data-id=\"1e017f1\" data-element_type=\"widget\" data-widget_type=\"heading.default\">\n\t\t\t\t<div class=\"elementor-widget-container\">\n\t\t\t<h6 class=\"elementor-heading-title elementor-size-default\">CERMES - VIA TROJEN\n<\/h6>\t\t<\/div>\n\t\t\t\t<\/div>\n\t\t\t\t<div class=\"elementor-element elementor-element-0beb96b elementor-widget elementor-widget-text-editor\" data-id=\"0beb96b\" data-element_type=\"widget\" data-widget_type=\"text-editor.default\">\n\t\t\t\t<div class=\"elementor-widget-container\">\n\t\t\t<style>\/*! elementor - v3.21.0 - 26-05-2024 *\/\n.elementor-widget-text-editor.elementor-drop-cap-view-stacked .elementor-drop-cap{background-color:#69727d;color:#fff}.elementor-widget-text-editor.elementor-drop-cap-view-framed .elementor-drop-cap{color:#69727d;border:3px solid;background-color:transparent}.elementor-widget-text-editor:not(.elementor-drop-cap-view-default) .elementor-drop-cap{margin-top:8px}.elementor-widget-text-editor:not(.elementor-drop-cap-view-default) .elementor-drop-cap-letter{width:1em;height:1em}.elementor-widget-text-editor .elementor-drop-cap{float:left;text-align:center;line-height:1;font-size:50px}.elementor-widget-text-editor .elementor-drop-cap-letter{display:inline-block}<\/style>\t\t\t\tVivere in un'atmosfera rilassata tra prati e alberi.\t\t\t\t\t\t<\/div>\n\t\t\t\t<\/div>\n\t\t\t\t<div class=\"elementor-element elementor-element-ace38eb elementor-widget-mobile__width-initial elementor-widget elementor-widget-text-editor\" data-id=\"ace38eb\" data-element_type=\"widget\" data-widget_type=\"text-editor.default\">\n\t\t\t\t<div class=\"elementor-widget-container\">\n\t\t\t\t\t\t\tQuesto moderno complesso residenziale, costruito dalla Westbau GmbH a Cermes, si trova immerso nel verde. Composto da 15 unit\u00e0 abitative, \u00e8 situato lontano dai rumori, ma comunque ben collegato al paese (a soli 2 minuti a piedi).\t\t\t\t\t\t<\/div>\n\t\t\t\t<\/div>\n\t\t\t\t<div class=\"elementor-element elementor-element-9c066b1 elementor-widget-mobile__width-initial elementor-widget elementor-widget-text-editor\" data-id=\"9c066b1\" data-element_type=\"widget\" data-widget_type=\"text-editor.default\">\n\t\t\t\t<div class=\"elementor-widget-container\">\n\t\t\t\t\t\t\tAnche in questa struttura \u00e8 stata posta particolare attenzione alla qualit\u00e0 e alla sostenibilit\u00e0, motivo per cui \u00e8 stata certificata come CasaClima \u201cA\u201d. Grazie all'utilizzo di materiali innovativi, \u00e8 stata raggiunta un'alta efficienza energetica, creando cos\u00ec un complesso residenziale a basso impatto ambientale.\t\t\t\t\t\t<\/div>\n\t\t\t\t<\/div>\n\t\t\t\t<div class=\"elementor-element elementor-element-aa9e330 elementor-widget elementor-widget-image\" data-id=\"aa9e330\" data-element_type=\"widget\" data-widget_type=\"image.default\">\n\t\t\t\t<div class=\"elementor-widget-container\">\n\t\t\t\t\t\t\t\t\t\t\t\t\t<img decoding=\"async\" width=\"1404\" height=\"1081\" src=\"https:\/\/westbau.it\/wp-content\/uploads\/2024\/02\/Tscherms-1.jpg\" class=\"attachment-full size-full wp-image-952\" alt=\"\" srcset=\"https:\/\/westbau.it\/wp-content\/uploads\/2024\/02\/Tscherms-1.jpg 1404w, https:\/\/westbau.it\/wp-content\/uploads\/2024\/02\/Tscherms-1-300x231.jpg 300w, https:\/\/westbau.it\/wp-content\/uploads\/2024\/02\/Tscherms-1-1024x788.jpg 1024w, https:\/\/westbau.it\/wp-content\/uploads\/2024\/02\/Tscherms-1-768x591.jpg 768w\" sizes=\"(max-width: 1404px) 100vw, 1404px\" \/>\t\t\t\t\t\t\t\t\t\t\t\t\t<\/div>\n\t\t\t\t<\/div>\n\t\t\t\t\t<\/div>\n\t\t<\/div>\n\t\t\t\t<div class=\"elementor-column elementor-col-50 elementor-top-column elementor-element elementor-element-fc6ef97\" data-id=\"fc6ef97\" data-element_type=\"column\">\n\t\t\t<div class=\"elementor-widget-wrap elementor-element-populated\">\n\t\t\t\t\t\t<div class=\"elementor-element elementor-element-735dd73 elementor-widget elementor-widget-image\" data-id=\"735dd73\" data-element_type=\"widget\" data-widget_type=\"image.default\">\n\t\t\t\t<div class=\"elementor-widget-container\">\n\t\t\t\t\t\t\t\t\t\t\t\t\t<img decoding=\"async\" width=\"1492\" height=\"1197\" src=\"https:\/\/westbau.it\/wp-content\/uploads\/2024\/02\/Tscherms-3.jpg\" class=\"attachment-full size-full wp-image-950\" alt=\"\" srcset=\"https:\/\/westbau.it\/wp-content\/uploads\/2024\/02\/Tscherms-3.jpg 1492w, https:\/\/westbau.it\/wp-content\/uploads\/2024\/02\/Tscherms-3-300x241.jpg 300w, https:\/\/westbau.it\/wp-content\/uploads\/2024\/02\/Tscherms-3-1024x822.jpg 1024w, https:\/\/westbau.it\/wp-content\/uploads\/2024\/02\/Tscherms-3-768x616.jpg 768w\" sizes=\"(max-width: 1492px) 100vw, 1492px\" \/>\t\t\t\t\t\t\t\t\t\t\t\t\t<\/div>\n\t\t\t\t<\/div>\n\t\t\t\t<div class=\"elementor-element elementor-element-022b903 elementor-widget elementor-widget-image\" data-id=\"022b903\" data-element_type=\"widget\" data-widget_type=\"image.default\">\n\t\t\t\t<div class=\"elementor-widget-container\">\n\t\t\t\t\t\t\t\t\t\t\t\t\t<img loading=\"lazy\" decoding=\"async\" width=\"1332\" height=\"1052\" src=\"https:\/\/westbau.it\/wp-content\/uploads\/2024\/02\/Tscherms-2.jpg\" class=\"attachment-full size-full wp-image-951\" alt=\"\" srcset=\"https:\/\/westbau.it\/wp-content\/uploads\/2024\/02\/Tscherms-2.jpg 1332w, https:\/\/westbau.it\/wp-content\/uploads\/2024\/02\/Tscherms-2-300x237.jpg 300w, https:\/\/westbau.it\/wp-content\/uploads\/2024\/02\/Tscherms-2-1024x809.jpg 1024w, https:\/\/westbau.it\/wp-content\/uploads\/2024\/02\/Tscherms-2-768x607.jpg 768w\" sizes=\"(max-width: 1332px) 100vw, 1332px\" \/>\t\t\t\t\t\t\t\t\t\t\t\t\t<\/div>\n\t\t\t\t<\/div>\n\t\t\t\t\t<\/div>\n\t\t<\/div>\n\t\t\t\t\t<\/div>\n\t\t<\/section>\n\t\t\t\t<section class=\"elementor-section elementor-top-section elementor-element elementor-element-7ebe3d9 elementor-section-boxed elementor-section-height-default elementor-section-height-default\" data-id=\"7ebe3d9\" data-element_type=\"section\">\n\t\t\t\t\t\t<div class=\"elementor-container elementor-column-gap-default\">\n\t\t\t\t\t<div class=\"elementor-column elementor-col-50 elementor-top-column elementor-element elementor-element-911c2f6\" data-id=\"911c2f6\" data-element_type=\"column\" data-settings=\"{&quot;background_background&quot;:&quot;classic&quot;}\">\n\t\t\t<div class=\"elementor-widget-wrap elementor-element-populated\">\n\t\t\t\t\t\t<div class=\"elementor-element elementor-element-85f960d elementor-view-default elementor-position-top elementor-mobile-position-top elementor-widget elementor-widget-icon-box\" data-id=\"85f960d\" data-element_type=\"widget\" data-widget_type=\"icon-box.default\">\n\t\t\t\t<div class=\"elementor-widget-container\">\n\t\t\t<link rel=\"stylesheet\" href=\"https:\/\/westbau.it\/wp-content\/plugins\/elementor\/assets\/css\/widget-icon-box.min.css\">\t\t<div class=\"elementor-icon-box-wrapper\">\n\n\t\t\t\t\t\t<div class=\"elementor-icon-box-icon\">\n\t\t\t\t<span  class=\"elementor-icon elementor-animation-\">\n\t\t\t\t<svg aria-hidden=\"true\" class=\"e-font-icon-svg e-fas-map-marker-alt\" viewbox=\"0 0 384 512\" xmlns=\"http:\/\/www.w3.org\/2000\/svg\"><path d=\"M172.268 501.67C26.97 291.031 0 269.413 0 192 0 85.961 85.961 0 192 0s192 85.961 192 192c0 77.413-26.97 99.031-172.268 309.67-9.535 13.774-29.93 13.773-39.464 0zM192 272c44.183 0 80-35.817 80-80s-35.817-80-80-80-80 35.817-80 80 35.817 80 80 80z\"><\/path><\/svg>\t\t\t\t<\/span>\n\t\t\t<\/div>\n\t\t\t\n\t\t\t\t\t\t<div class=\"elementor-icon-box-content\">\n\n\t\t\t\t\n\t\t\t\t\t\t\t\t\t<p class=\"elementor-icon-box-description\">\n\t\t\t\t\t\tPosizione centrale ma tranquilla e immersa nella natura.\t\t\t\t\t<\/p>\n\t\t\t\t\n\t\t\t<\/div>\n\t\t\t\n\t\t<\/div>\n\t\t\t\t<\/div>\n\t\t\t\t<\/div>\n\t\t\t\t\t<\/div>\n\t\t<\/div>\n\t\t\t\t<div class=\"elementor-column elementor-col-50 elementor-top-column elementor-element elementor-element-58de1c9\" data-id=\"58de1c9\" data-element_type=\"column\" data-settings=\"{&quot;background_background&quot;:&quot;classic&quot;}\">\n\t\t\t<div class=\"elementor-widget-wrap elementor-element-populated\">\n\t\t\t\t\t\t<div class=\"elementor-element elementor-element-0c4bbfa elementor-view-default elementor-position-top elementor-mobile-position-top elementor-widget elementor-widget-icon-box\" data-id=\"0c4bbfa\" data-element_type=\"widget\" data-widget_type=\"icon-box.default\">\n\t\t\t\t<div class=\"elementor-widget-container\">\n\t\t\t\t\t<div class=\"elementor-icon-box-wrapper\">\n\n\t\t\t\t\t\t<div class=\"elementor-icon-box-icon\">\n\t\t\t\t<span  class=\"elementor-icon elementor-animation-\">\n\t\t\t\t<svg aria-hidden=\"true\" class=\"e-font-icon-svg e-fas-home\" viewbox=\"0 0 576 512\" xmlns=\"http:\/\/www.w3.org\/2000\/svg\"><path d=\"M280.37 148.26L96 300.11V464a16 16 0 0 0 16 16l112.06-.29a16 16 0 0 0 15.92-16V368a16 16 0 0 1 16-16h64a16 16 0 0 1 16 16v95.64a16 16 0 0 0 16 16.05L464 480a16 16 0 0 0 16-16V300L295.67 148.26a12.19 12.19 0 0 0-15.3 0zM571.6 251.47L488 182.56V44.05a12 12 0 0 0-12-12h-56a12 12 0 0 0-12 12v72.61L318.47 43a48 48 0 0 0-61 0L4.34 251.47a12 12 0 0 0-1.6 16.9l25.5 31A12 12 0 0 0 45.15 301l235.22-193.74a12.19 12.19 0 0 1 15.3 0L530.9 301a12 12 0 0 0 16.9-1.6l25.5-31a12 12 0 0 0-1.7-16.93z\"><\/path><\/svg>\t\t\t\t<\/span>\n\t\t\t<\/div>\n\t\t\t\n\t\t\t\t\t\t<div class=\"elementor-icon-box-content\">\n\n\t\t\t\t\n\t\t\t\t\t\t\t\t\t<p class=\"elementor-icon-box-description\">\n\t\t\t\t\t\tAppartamenti da 2 a 4 camere.\t\t\t\t\t<\/p>\n\t\t\t\t\n\t\t\t<\/div>\n\t\t\t\n\t\t<\/div>\n\t\t\t\t<\/div>\n\t\t\t\t<\/div>\n\t\t\t\t\t<\/div>\n\t\t<\/div>\n\t\t\t\t\t<\/div>\n\t\t<\/section>\n\t\t\t\t<section class=\"elementor-section elementor-top-section elementor-element elementor-element-a7c2807 elementor-section-boxed elementor-section-height-default elementor-section-height-default\" data-id=\"a7c2807\" data-element_type=\"section\">\n\t\t\t\t\t\t<div class=\"elementor-container elementor-column-gap-default\">\n\t\t\t\t\t<div class=\"elementor-column elementor-col-50 elementor-top-column elementor-element elementor-element-1ecc802\" data-id=\"1ecc802\" data-element_type=\"column\" data-settings=\"{&quot;background_background&quot;:&quot;classic&quot;}\">\n\t\t\t<div class=\"elementor-widget-wrap elementor-element-populated\">\n\t\t\t\t\t\t<div class=\"elementor-element elementor-element-d94cd2c elementor-view-default elementor-position-top elementor-mobile-position-top elementor-widget elementor-widget-icon-box\" data-id=\"d94cd2c\" data-element_type=\"widget\" data-widget_type=\"icon-box.default\">\n\t\t\t\t<div class=\"elementor-widget-container\">\n\t\t\t\t\t<div class=\"elementor-icon-box-wrapper\">\n\n\t\t\t\t\t\t<div class=\"elementor-icon-box-icon\">\n\t\t\t\t<span  class=\"elementor-icon elementor-animation-\">\n\t\t\t\t<svg aria-hidden=\"true\" class=\"e-font-icon-svg e-fas-lightbulb\" viewbox=\"0 0 352 512\" xmlns=\"http:\/\/www.w3.org\/2000\/svg\"><path d=\"M96.06 454.35c.01 6.29 1.87 12.45 5.36 17.69l17.09 25.69a31.99 31.99 0 0 0 26.64 14.28h61.71a31.99 31.99 0 0 0 26.64-14.28l17.09-25.69a31.989 31.989 0 0 0 5.36-17.69l.04-38.35H96.01l.05 38.35zM0 176c0 44.37 16.45 84.85 43.56 115.78 16.52 18.85 42.36 58.23 52.21 91.45.04.26.07.52.11.78h160.24c.04-.26.07-.51.11-.78 9.85-33.22 35.69-72.6 52.21-91.45C335.55 260.85 352 220.37 352 176 352 78.61 272.91-.3 175.45 0 73.44.31 0 82.97 0 176zm176-80c-44.11 0-80 35.89-80 80 0 8.84-7.16 16-16 16s-16-7.16-16-16c0-61.76 50.24-112 112-112 8.84 0 16 7.16 16 16s-7.16 16-16 16z\"><\/path><\/svg>\t\t\t\t<\/span>\n\t\t\t<\/div>\n\t\t\t\n\t\t\t\t\t\t<div class=\"elementor-icon-box-content\">\n\n\t\t\t\t\n\t\t\t\t\t\t\t\t\t<p class=\"elementor-icon-box-description\">\n\t\t\t\t\t\tCertificazione CasaClima \u201cA\u201d.\t\t\t\t\t<\/p>\n\t\t\t\t\n\t\t\t<\/div>\n\t\t\t\n\t\t<\/div>\n\t\t\t\t<\/div>\n\t\t\t\t<\/div>\n\t\t\t\t\t<\/div>\n\t\t<\/div>\n\t\t\t\t<div class=\"elementor-column elementor-col-50 elementor-top-column elementor-element elementor-element-d1939c2\" data-id=\"d1939c2\" data-element_type=\"column\" data-settings=\"{&quot;background_background&quot;:&quot;classic&quot;}\">\n\t\t\t<div class=\"elementor-widget-wrap elementor-element-populated\">\n\t\t\t\t\t\t<div class=\"elementor-element elementor-element-e96ef7c elementor-view-default elementor-position-top elementor-mobile-position-top elementor-widget elementor-widget-icon-box\" data-id=\"e96ef7c\" data-element_type=\"widget\" data-widget_type=\"icon-box.default\">\n\t\t\t\t<div class=\"elementor-widget-container\">\n\t\t\t\t\t<div class=\"elementor-icon-box-wrapper\">\n\n\t\t\t\t\t\t<div class=\"elementor-icon-box-icon\">\n\t\t\t\t<span  class=\"elementor-icon elementor-animation-\">\n\t\t\t\t<i aria-hidden=\"true\" class=\"icon_key\"><\/i>\t\t\t\t<\/span>\n\t\t\t<\/div>\n\t\t\t\n\t\t\t\t\t\t<div class=\"elementor-icon-box-content\">\n\n\t\t\t\t\n\t\t\t\t\t\t\t\t\t<p class=\"elementor-icon-box-description\">\n\t\t\t\t\t\tCompletamento nel 2016.\t\t\t\t\t<\/p>\n\t\t\t\t\n\t\t\t<\/div>\n\t\t\t\n\t\t<\/div>\n\t\t\t\t<\/div>\n\t\t\t\t<\/div>\n\t\t\t\t\t<\/div>\n\t\t<\/div>\n\t\t\t\t\t<\/div>\n\t\t<\/section>\n\t\t\t\t<\/div>","protected":false},"excerpt":{"rendered":"<p>TSCHERMS &#8211; TROJENWEG TSCHERMS &#8211; TROJENWEG Entspanntes Wohnen zwischen Wiesen und B\u00e4umenDiese moderne Wohnanlage wurde von der Westbau GmbH in Tscherms in gr\u00fcner Lage errichtet. Die Wohnanlage, bestehend aus 15 Wohneinheiten, befindet sich fernab von L\u00e4rm, jedoch gut ans Dorf angebunden (2 Gehminuten).Bei diesem Geb\u00e4ude wurde gro\u00dfer Wert auf Qualit\u00e4t und Nachhaltigkeit gelegt, weshalb es [&hellip;]<\/p>","protected":false},"author":1,"featured_media":0,"parent":0,"menu_order":0,"comment_status":"closed","ping_status":"closed","template":"elementor_header_footer","meta":{"footnotes":""},"class_list":["post-506","page","type-page","status-publish","hentry"],"yoast_head":"<!-- This site is optimized with the Yoast SEO plugin v23.5 - https:\/\/yoast.com\/wordpress\/plugins\/seo\/ -->\n<title>TSCHERMS - TROJENWEG - WESTBAU<\/title>\n<meta name=\"description\" content=\"Diese moderne Wohnanlage wurde von der Westbau GmbH in Tscherms in gr\u00fcner Lage errichtet. Die Wohnanlage, bestehend aus 15 Wohneinheiten, befindet sich fernab von L\u00e4rm, jedoch gut ans Dorf angebunden (2 Gehminuten).\" \/>\n<meta name=\"robots\" content=\"index, follow, max-snippet:-1, max-image-preview:large, max-video-preview:-1\" \/>\n<link rel=\"canonical\" href=\"https:\/\/westbau.it\/it\/tscherms-trojenweg\/\" \/>\n<meta property=\"og:locale\" content=\"it_IT\" \/>\n<meta property=\"og:type\" content=\"article\" \/>\n<meta property=\"og:title\" content=\"TSCHERMS - TROJENWEG - WESTBAU\" \/>\n<meta property=\"og:description\" content=\"Diese moderne Wohnanlage wurde von der Westbau GmbH in Tscherms in gr\u00fcner Lage errichtet. Die Wohnanlage, bestehend aus 15 Wohneinheiten, befindet sich fernab von L\u00e4rm, jedoch gut ans Dorf angebunden (2 Gehminuten).\" \/>\n<meta property=\"og:url\" content=\"https:\/\/westbau.it\/it\/tscherms-trojenweg\/\" \/>\n<meta property=\"og:site_name\" content=\"WESTBAU\" \/>\n<meta property=\"article:modified_time\" content=\"2024-05-31T18:06:41+00:00\" \/>\n<meta property=\"og:image\" content=\"https:\/\/westbau.it\/wp-content\/uploads\/2024\/02\/logo-1024x257.jpg\" \/>\n<meta name=\"twitter:card\" content=\"summary_large_image\" \/>\n<meta name=\"twitter:label1\" content=\"Tempo di lettura stimato\" \/>\n\t<meta name=\"twitter:data1\" content=\"2 minuti\" \/>\n<script type=\"application\/ld+json\" class=\"yoast-schema-graph\">{\"@context\":\"https:\/\/schema.org\",\"@graph\":[{\"@type\":\"WebPage\",\"@id\":\"https:\/\/westbau.it\/tscherms-trojenweg\/\",\"url\":\"https:\/\/westbau.it\/tscherms-trojenweg\/\",\"name\":\"TSCHERMS - TROJENWEG - WESTBAU\",\"isPartOf\":{\"@id\":\"https:\/\/westbau.it\/#website\"},\"primaryImageOfPage\":{\"@id\":\"https:\/\/westbau.it\/tscherms-trojenweg\/#primaryimage\"},\"image\":{\"@id\":\"https:\/\/westbau.it\/tscherms-trojenweg\/#primaryimage\"},\"thumbnailUrl\":\"https:\/\/westbau.it\/wp-content\/uploads\/2024\/02\/logo-1024x257.jpg\",\"datePublished\":\"2024-02-11T14:06:34+00:00\",\"dateModified\":\"2024-05-31T18:06:41+00:00\",\"description\":\"Diese moderne Wohnanlage wurde von der Westbau GmbH in Tscherms in gr\u00fcner Lage errichtet. Die Wohnanlage, bestehend aus 15 Wohneinheiten, befindet sich fernab von L\u00e4rm, jedoch gut ans Dorf angebunden (2 Gehminuten).\",\"breadcrumb\":{\"@id\":\"https:\/\/westbau.it\/tscherms-trojenweg\/#breadcrumb\"},\"inLanguage\":\"it-IT\",\"potentialAction\":[{\"@type\":\"ReadAction\",\"target\":[\"https:\/\/westbau.it\/tscherms-trojenweg\/\"]}]},{\"@type\":\"ImageObject\",\"inLanguage\":\"it-IT\",\"@id\":\"https:\/\/westbau.it\/tscherms-trojenweg\/#primaryimage\",\"url\":\"https:\/\/westbau.it\/wp-content\/uploads\/2024\/02\/logo-1024x257.jpg\",\"contentUrl\":\"https:\/\/westbau.it\/wp-content\/uploads\/2024\/02\/logo-1024x257.jpg\"},{\"@type\":\"BreadcrumbList\",\"@id\":\"https:\/\/westbau.it\/tscherms-trojenweg\/#breadcrumb\",\"itemListElement\":[{\"@type\":\"ListItem\",\"position\":1,\"name\":\"Startseite\",\"item\":\"https:\/\/westbau.it\/\"},{\"@type\":\"ListItem\",\"position\":2,\"name\":\"TSCHERMS &#8211; TROJENWEG\"}]},{\"@type\":\"WebSite\",\"@id\":\"https:\/\/westbau.it\/#website\",\"url\":\"https:\/\/westbau.it\/\",\"name\":\"WESTBAU\",\"description\":\"WOHNTR\u00c4UME IM ALPENRAUM\",\"publisher\":{\"@id\":\"https:\/\/westbau.it\/#organization\"},\"potentialAction\":[{\"@type\":\"SearchAction\",\"target\":{\"@type\":\"EntryPoint\",\"urlTemplate\":\"https:\/\/westbau.it\/?s={search_term_string}\"},\"query-input\":{\"@type\":\"PropertyValueSpecification\",\"valueRequired\":true,\"valueName\":\"search_term_string\"}}],\"inLanguage\":\"it-IT\"},{\"@type\":\"Organization\",\"@id\":\"https:\/\/westbau.it\/#organization\",\"name\":\"WESTBAU\",\"url\":\"https:\/\/westbau.it\/\",\"logo\":{\"@type\":\"ImageObject\",\"inLanguage\":\"it-IT\",\"@id\":\"https:\/\/westbau.it\/#\/schema\/logo\/image\/\",\"url\":\"https:\/\/westbau.it\/wp-content\/uploads\/2024\/02\/logo-scaled.jpg\",\"contentUrl\":\"https:\/\/westbau.it\/wp-content\/uploads\/2024\/02\/logo-scaled.jpg\",\"width\":2560,\"height\":643,\"caption\":\"WESTBAU\"},\"image\":{\"@id\":\"https:\/\/westbau.it\/#\/schema\/logo\/image\/\"}}]}<\/script>\n<!-- \/ Yoast SEO plugin. -->","yoast_head_json":{"title":"TSCHERMS - TROJENWEG - WESTBAU","description":"Diese moderne Wohnanlage wurde von der Westbau GmbH in Tscherms in gr\u00fcner Lage errichtet. Die Wohnanlage, bestehend aus 15 Wohneinheiten, befindet sich fernab von L\u00e4rm, jedoch gut ans Dorf angebunden (2 Gehminuten).","robots":{"index":"index","follow":"follow","max-snippet":"max-snippet:-1","max-image-preview":"max-image-preview:large","max-video-preview":"max-video-preview:-1"},"canonical":"https:\/\/westbau.it\/it\/tscherms-trojenweg\/","og_locale":"it_IT","og_type":"article","og_title":"TSCHERMS - TROJENWEG - WESTBAU","og_description":"Diese moderne Wohnanlage wurde von der Westbau GmbH in Tscherms in gr\u00fcner Lage errichtet. Die Wohnanlage, bestehend aus 15 Wohneinheiten, befindet sich fernab von L\u00e4rm, jedoch gut ans Dorf angebunden (2 Gehminuten).","og_url":"https:\/\/westbau.it\/it\/tscherms-trojenweg\/","og_site_name":"WESTBAU","article_modified_time":"2024-05-31T18:06:41+00:00","og_image":[{"url":"https:\/\/westbau.it\/wp-content\/uploads\/2024\/02\/logo-1024x257.jpg"}],"twitter_card":"summary_large_image","twitter_misc":{"Tempo di lettura stimato":"2 minuti"},"schema":{"@context":"https:\/\/schema.org","@graph":[{"@type":"WebPage","@id":"https:\/\/westbau.it\/tscherms-trojenweg\/","url":"https:\/\/westbau.it\/tscherms-trojenweg\/","name":"TSCHERMS - TROJENWEG - WESTBAU","isPartOf":{"@id":"https:\/\/westbau.it\/#website"},"primaryImageOfPage":{"@id":"https:\/\/westbau.it\/tscherms-trojenweg\/#primaryimage"},"image":{"@id":"https:\/\/westbau.it\/tscherms-trojenweg\/#primaryimage"},"thumbnailUrl":"https:\/\/westbau.it\/wp-content\/uploads\/2024\/02\/logo-1024x257.jpg","datePublished":"2024-02-11T14:06:34+00:00","dateModified":"2024-05-31T18:06:41+00:00","description":"Diese moderne Wohnanlage wurde von der Westbau GmbH in Tscherms in gr\u00fcner Lage errichtet. Die Wohnanlage, bestehend aus 15 Wohneinheiten, befindet sich fernab von L\u00e4rm, jedoch gut ans Dorf angebunden (2 Gehminuten).","breadcrumb":{"@id":"https:\/\/westbau.it\/tscherms-trojenweg\/#breadcrumb"},"inLanguage":"it-IT","potentialAction":[{"@type":"ReadAction","target":["https:\/\/westbau.it\/tscherms-trojenweg\/"]}]},{"@type":"ImageObject","inLanguage":"it-IT","@id":"https:\/\/westbau.it\/tscherms-trojenweg\/#primaryimage","url":"https:\/\/westbau.it\/wp-content\/uploads\/2024\/02\/logo-1024x257.jpg","contentUrl":"https:\/\/westbau.it\/wp-content\/uploads\/2024\/02\/logo-1024x257.jpg"},{"@type":"BreadcrumbList","@id":"https:\/\/westbau.it\/tscherms-trojenweg\/#breadcrumb","itemListElement":[{"@type":"ListItem","position":1,"name":"Startseite","item":"https:\/\/westbau.it\/"},{"@type":"ListItem","position":2,"name":"TSCHERMS &#8211; TROJENWEG"}]},{"@type":"WebSite","@id":"https:\/\/westbau.it\/#website","url":"https:\/\/westbau.it\/","name":"WESTBAU","description":"WOHNTR\u00c4UME IM ALPENRAUM","publisher":{"@id":"https:\/\/westbau.it\/#organization"},"potentialAction":[{"@type":"SearchAction","target":{"@type":"EntryPoint","urlTemplate":"https:\/\/westbau.it\/?s={search_term_string}"},"query-input":{"@type":"PropertyValueSpecification","valueRequired":true,"valueName":"search_term_string"}}],"inLanguage":"it-IT"},{"@type":"Organization","@id":"https:\/\/westbau.it\/#organization","name":"WESTBAU","url":"https:\/\/westbau.it\/","logo":{"@type":"ImageObject","inLanguage":"it-IT","@id":"https:\/\/westbau.it\/#\/schema\/logo\/image\/","url":"https:\/\/westbau.it\/wp-content\/uploads\/2024\/02\/logo-scaled.jpg","contentUrl":"https:\/\/westbau.it\/wp-content\/uploads\/2024\/02\/logo-scaled.jpg","width":2560,"height":643,"caption":"WESTBAU"},"image":{"@id":"https:\/\/westbau.it\/#\/schema\/logo\/image\/"}}]}},"_links":{"self":[{"href":"https:\/\/westbau.it\/it\/wp-json\/wp\/v2\/pages\/506","targetHints":{"allow":["GET"]}}],"collection":[{"href":"https:\/\/westbau.it\/it\/wp-json\/wp\/v2\/pages"}],"about":[{"href":"https:\/\/westbau.it\/it\/wp-json\/wp\/v2\/types\/page"}],"author":[{"embeddable":true,"href":"https:\/\/westbau.it\/it\/wp-json\/wp\/v2\/users\/1"}],"replies":[{"embeddable":true,"href":"https:\/\/westbau.it\/it\/wp-json\/wp\/v2\/comments?post=506"}],"version-history":[{"count":80,"href":"https:\/\/westbau.it\/it\/wp-json\/wp\/v2\/pages\/506\/revisions"}],"predecessor-version":[{"id":1532,"href":"https:\/\/westbau.it\/it\/wp-json\/wp\/v2\/pages\/506\/revisions\/1532"}],"wp:attachment":[{"href":"https:\/\/westbau.it\/it\/wp-json\/wp\/v2\/media?parent=506"}],"curies":[{"name":"wp","href":"https:\/\/api.w.org\/{rel}","templated":true}]}}