{"id":476,"date":"2024-02-11T13:50:17","date_gmt":"2024-02-11T13:50:17","guid":{"rendered":"https:\/\/westbau.it\/?page_id=476"},"modified":"2024-05-31T18:07:16","modified_gmt":"2024-05-31T18:07:16","slug":"living-panorama","status":"publish","type":"page","link":"https:\/\/westbau.it\/it\/living-panorama\/","title":{"rendered":"LIVING PANORAMA"},"content":{"rendered":"<div data-elementor-type=\"wp-page\" data-elementor-id=\"476\" class=\"elementor elementor-476\" data-elementor-post-type=\"page\">\n\t\t\t\t\t\t<section class=\"elementor-section elementor-top-section elementor-element elementor-element-1917e56 elementor-section-boxed elementor-section-height-default elementor-section-height-default\" data-id=\"1917e56\" data-element_type=\"section\" data-settings=\"{&quot;background_background&quot;:&quot;classic&quot;}\">\n\t\t\t\t\t\t<div class=\"elementor-container elementor-column-gap-default\">\n\t\t\t\t\t<div class=\"elementor-column elementor-col-100 elementor-top-column elementor-element elementor-element-2fe6e43\" data-id=\"2fe6e43\" data-element_type=\"column\">\n\t\t\t<div class=\"elementor-widget-wrap elementor-element-populated\">\n\t\t\t\t\t\t<div class=\"elementor-element elementor-element-563f7ac elementor-widget elementor-widget-heading\" data-id=\"563f7ac\" data-element_type=\"widget\" data-widget_type=\"heading.default\">\n\t\t\t\t<div class=\"elementor-widget-container\">\n\t\t\t<style>\/*! elementor - v3.21.0 - 26-05-2024 *\/\n.elementor-heading-title{padding:0;margin:0;line-height:1}.elementor-widget-heading .elementor-heading-title[class*=elementor-size-]>a{color:inherit;font-size:inherit;line-height:inherit}.elementor-widget-heading .elementor-heading-title.elementor-size-small{font-size:15px}.elementor-widget-heading .elementor-heading-title.elementor-size-medium{font-size:19px}.elementor-widget-heading .elementor-heading-title.elementor-size-large{font-size:29px}.elementor-widget-heading .elementor-heading-title.elementor-size-xl{font-size:39px}.elementor-widget-heading .elementor-heading-title.elementor-size-xxl{font-size:59px}<\/style><h1 class=\"elementor-heading-title elementor-size-default\">LANA - VIA LORENZER<\/h1>\t\t<\/div>\n\t\t\t\t<\/div>\n\t\t\t\t\t<\/div>\n\t\t<\/div>\n\t\t\t\t\t<\/div>\n\t\t<\/section>\n\t\t\t\t<section class=\"elementor-section elementor-top-section elementor-element elementor-element-228162ef elementor-section-content-middle elementor-section-boxed elementor-section-height-default elementor-section-height-default\" data-id=\"228162ef\" data-element_type=\"section\" data-settings=\"{&quot;background_background&quot;:&quot;classic&quot;}\">\n\t\t\t\t\t\t<div class=\"elementor-container elementor-column-gap-default\">\n\t\t\t\t\t<div class=\"elementor-column elementor-col-50 elementor-top-column elementor-element elementor-element-6060357b\" data-id=\"6060357b\" data-element_type=\"column\">\n\t\t\t<div class=\"elementor-widget-wrap elementor-element-populated\">\n\t\t\t\t\t\t<div class=\"elementor-element elementor-element-591c5391 e-transform elementor-widget elementor-widget-image\" data-id=\"591c5391\" data-element_type=\"widget\" data-settings=\"{&quot;_transform_rotateZ_effect&quot;:{&quot;unit&quot;:&quot;px&quot;,&quot;size&quot;:2,&quot;sizes&quot;:[]},&quot;_transform_rotateZ_effect_tablet&quot;:{&quot;unit&quot;:&quot;deg&quot;,&quot;size&quot;:&quot;&quot;,&quot;sizes&quot;:[]},&quot;_transform_rotateZ_effect_mobile&quot;:{&quot;unit&quot;:&quot;deg&quot;,&quot;size&quot;:&quot;&quot;,&quot;sizes&quot;:[]}}\" data-widget_type=\"image.default\">\n\t\t\t\t<div class=\"elementor-widget-container\">\n\t\t\t<style>\/*! elementor - v3.21.0 - 26-05-2024 *\/\n.elementor-widget-image{text-align:center}.elementor-widget-image a{display:inline-block}.elementor-widget-image a img[src$=\".svg\"]{width:48px}.elementor-widget-image img{vertical-align:middle;display:inline-block}<\/style>\t\t\t\t\t\t\t\t\t\t<img fetchpriority=\"high\" decoding=\"async\" width=\"1580\" height=\"1200\" src=\"https:\/\/westbau.it\/wp-content\/uploads\/2024\/02\/Skype_Picture_2024_02_15T12_43_24_094Z.jpeg\" class=\"attachment-full size-full wp-image-751\" alt=\"\" srcset=\"https:\/\/westbau.it\/wp-content\/uploads\/2024\/02\/Skype_Picture_2024_02_15T12_43_24_094Z.jpeg 1580w, https:\/\/westbau.it\/wp-content\/uploads\/2024\/02\/Skype_Picture_2024_02_15T12_43_24_094Z-300x228.jpeg 300w, https:\/\/westbau.it\/wp-content\/uploads\/2024\/02\/Skype_Picture_2024_02_15T12_43_24_094Z-1024x778.jpeg 1024w, https:\/\/westbau.it\/wp-content\/uploads\/2024\/02\/Skype_Picture_2024_02_15T12_43_24_094Z-768x583.jpeg 768w, https:\/\/westbau.it\/wp-content\/uploads\/2024\/02\/Skype_Picture_2024_02_15T12_43_24_094Z-1536x1167.jpeg 1536w\" sizes=\"(max-width: 1580px) 100vw, 1580px\" \/>\t\t\t\t\t\t\t\t\t\t\t\t\t<\/div>\n\t\t\t\t<\/div>\n\t\t\t\t\t<\/div>\n\t\t<\/div>\n\t\t\t\t<div class=\"elementor-column elementor-col-50 elementor-top-column elementor-element elementor-element-2ebf2da9\" data-id=\"2ebf2da9\" data-element_type=\"column\">\n\t\t\t<div class=\"elementor-widget-wrap elementor-element-populated\">\n\t\t\t\t\t\t<div class=\"elementor-element elementor-element-893dc0e elementor-widget elementor-widget-image\" data-id=\"893dc0e\" data-element_type=\"widget\" data-widget_type=\"image.default\">\n\t\t\t\t<div class=\"elementor-widget-container\">\n\t\t\t\t\t\t\t\t\t\t\t\t\t<img decoding=\"async\" width=\"800\" height=\"201\" src=\"https:\/\/westbau.it\/wp-content\/uploads\/2024\/02\/WESTBAU-Logo-1024x257.png\" class=\"attachment-large size-large wp-image-1290\" alt=\"\" srcset=\"https:\/\/westbau.it\/wp-content\/uploads\/2024\/02\/WESTBAU-Logo-1024x257.png 1024w, https:\/\/westbau.it\/wp-content\/uploads\/2024\/02\/WESTBAU-Logo-300x75.png 300w, https:\/\/westbau.it\/wp-content\/uploads\/2024\/02\/WESTBAU-Logo-768x193.png 768w, https:\/\/westbau.it\/wp-content\/uploads\/2024\/02\/WESTBAU-Logo-1536x386.png 1536w, https:\/\/westbau.it\/wp-content\/uploads\/2024\/02\/WESTBAU-Logo-2048x514.png 2048w\" sizes=\"(max-width: 800px) 100vw, 800px\" \/>\t\t\t\t\t\t\t\t\t\t\t\t\t<\/div>\n\t\t\t\t<\/div>\n\t\t\t\t<div class=\"elementor-element elementor-element-1e017f1 elementor-widget__width-initial elementor-widget elementor-widget-heading\" data-id=\"1e017f1\" data-element_type=\"widget\" data-widget_type=\"heading.default\">\n\t\t\t\t<div class=\"elementor-widget-container\">\n\t\t\t<h6 class=\"elementor-heading-title elementor-size-default\">Posizione Centrale ma Tranquilla\n<\/h6>\t\t<\/div>\n\t\t\t\t<\/div>\n\t\t\t\t<div class=\"elementor-element elementor-element-0beb96b elementor-widget elementor-widget-text-editor\" data-id=\"0beb96b\" data-element_type=\"widget\" data-widget_type=\"text-editor.default\">\n\t\t\t\t<div class=\"elementor-widget-container\">\n\t\t\t<style>\/*! elementor - v3.21.0 - 26-05-2024 *\/\n.elementor-widget-text-editor.elementor-drop-cap-view-stacked .elementor-drop-cap{background-color:#69727d;color:#fff}.elementor-widget-text-editor.elementor-drop-cap-view-framed .elementor-drop-cap{color:#69727d;border:3px solid;background-color:transparent}.elementor-widget-text-editor:not(.elementor-drop-cap-view-default) .elementor-drop-cap{margin-top:8px}.elementor-widget-text-editor:not(.elementor-drop-cap-view-default) .elementor-drop-cap-letter{width:1em;height:1em}.elementor-widget-text-editor .elementor-drop-cap{float:left;text-align:center;line-height:1;font-size:50px}.elementor-widget-text-editor .elementor-drop-cap-letter{display:inline-block}<\/style>\t\t\t\tLa Residenza in Via Lorenzer a Lana si distingue per il suo limitato numero di appartamenti e per gli ampi spazi esterni, che includono giardini privati e grandi terrazze, alcune delle quali parzialmente coperte.\t\t\t\t\t\t<\/div>\n\t\t\t\t<\/div>\n\t\t\t\t<div class=\"elementor-element elementor-element-705cf0a elementor-widget elementor-widget-text-editor\" data-id=\"705cf0a\" data-element_type=\"widget\" data-widget_type=\"text-editor.default\">\n\t\t\t\t<div class=\"elementor-widget-container\">\n\t\t\t\t\t\t\tLe varie planimetrie si adattano a differenti esigenze abitative. Il concept residenziale \u00e8 completato da un garage interrato e da cantine private a disposizione di ogni unit\u00e0.\t\t\t\t\t\t<\/div>\n\t\t\t\t<\/div>\n\t\t\t\t<div class=\"elementor-element elementor-element-214a282 elementor-widget elementor-widget-image\" data-id=\"214a282\" data-element_type=\"widget\" data-widget_type=\"image.default\">\n\t\t\t\t<div class=\"elementor-widget-container\">\n\t\t\t\t\t\t\t\t\t\t\t\t\t<img decoding=\"async\" width=\"800\" height=\"648\" src=\"https:\/\/westbau.it\/wp-content\/uploads\/2024\/02\/Lana_Lorenzerweg-2-1024x829.jpg\" class=\"attachment-large size-large wp-image-966\" alt=\"\" srcset=\"https:\/\/westbau.it\/wp-content\/uploads\/2024\/02\/Lana_Lorenzerweg-2-1024x829.jpg 1024w, https:\/\/westbau.it\/wp-content\/uploads\/2024\/02\/Lana_Lorenzerweg-2-300x243.jpg 300w, https:\/\/westbau.it\/wp-content\/uploads\/2024\/02\/Lana_Lorenzerweg-2-768x622.jpg 768w, https:\/\/westbau.it\/wp-content\/uploads\/2024\/02\/Lana_Lorenzerweg-2.jpg 1482w\" sizes=\"(max-width: 800px) 100vw, 800px\" \/>\t\t\t\t\t\t\t\t\t\t\t\t\t<\/div>\n\t\t\t\t<\/div>\n\t\t\t\t\t<\/div>\n\t\t<\/div>\n\t\t\t\t\t<\/div>\n\t\t<\/section>\n\t\t\t\t<section class=\"elementor-section elementor-top-section elementor-element elementor-element-82802a3 elementor-section-boxed elementor-section-height-default elementor-section-height-default\" data-id=\"82802a3\" data-element_type=\"section\">\n\t\t\t\t\t\t<div class=\"elementor-container elementor-column-gap-default\">\n\t\t\t\t\t<div class=\"elementor-column elementor-col-50 elementor-top-column elementor-element elementor-element-baeb65d\" data-id=\"baeb65d\" data-element_type=\"column\" data-settings=\"{&quot;background_background&quot;:&quot;classic&quot;}\">\n\t\t\t<div class=\"elementor-widget-wrap elementor-element-populated\">\n\t\t\t\t\t\t<div class=\"elementor-element elementor-element-51e798d elementor-view-default elementor-position-top elementor-mobile-position-top elementor-widget elementor-widget-icon-box\" data-id=\"51e798d\" data-element_type=\"widget\" data-widget_type=\"icon-box.default\">\n\t\t\t\t<div class=\"elementor-widget-container\">\n\t\t\t<link rel=\"stylesheet\" href=\"https:\/\/westbau.it\/wp-content\/plugins\/elementor\/assets\/css\/widget-icon-box.min.css\">\t\t<div class=\"elementor-icon-box-wrapper\">\n\n\t\t\t\t\t\t<div class=\"elementor-icon-box-icon\">\n\t\t\t\t<span  class=\"elementor-icon elementor-animation-\">\n\t\t\t\t<svg aria-hidden=\"true\" class=\"e-font-icon-svg e-fas-map-marker-alt\" viewbox=\"0 0 384 512\" xmlns=\"http:\/\/www.w3.org\/2000\/svg\"><path d=\"M172.268 501.67C26.97 291.031 0 269.413 0 192 0 85.961 85.961 0 192 0s192 85.961 192 192c0 77.413-26.97 99.031-172.268 309.67-9.535 13.774-29.93 13.773-39.464 0zM192 272c44.183 0 80-35.817 80-80s-35.817-80-80-80-80 35.817-80 80 35.817 80 80 80z\"><\/path><\/svg>\t\t\t\t<\/span>\n\t\t\t<\/div>\n\t\t\t\n\t\t\t\t\t\t<div class=\"elementor-icon-box-content\">\n\n\t\t\t\t\n\t\t\t\t\t\t\t\t\t<p class=\"elementor-icon-box-description\">\n\t\t\t\t\t\tPosizione Centrale\t\t\t\t\t<\/p>\n\t\t\t\t\n\t\t\t<\/div>\n\t\t\t\n\t\t<\/div>\n\t\t\t\t<\/div>\n\t\t\t\t<\/div>\n\t\t\t\t\t<\/div>\n\t\t<\/div>\n\t\t\t\t<div class=\"elementor-column elementor-col-50 elementor-top-column elementor-element elementor-element-50b91f7\" data-id=\"50b91f7\" data-element_type=\"column\" data-settings=\"{&quot;background_background&quot;:&quot;classic&quot;}\">\n\t\t\t<div class=\"elementor-widget-wrap elementor-element-populated\">\n\t\t\t\t\t\t<div class=\"elementor-element elementor-element-fcae3ff elementor-view-default elementor-position-top elementor-mobile-position-top elementor-widget elementor-widget-icon-box\" data-id=\"fcae3ff\" data-element_type=\"widget\" data-widget_type=\"icon-box.default\">\n\t\t\t\t<div class=\"elementor-widget-container\">\n\t\t\t\t\t<div class=\"elementor-icon-box-wrapper\">\n\n\t\t\t\t\t\t<div class=\"elementor-icon-box-icon\">\n\t\t\t\t<span  class=\"elementor-icon elementor-animation-\">\n\t\t\t\t<svg aria-hidden=\"true\" class=\"e-font-icon-svg e-fas-home\" viewbox=\"0 0 576 512\" xmlns=\"http:\/\/www.w3.org\/2000\/svg\"><path d=\"M280.37 148.26L96 300.11V464a16 16 0 0 0 16 16l112.06-.29a16 16 0 0 0 15.92-16V368a16 16 0 0 1 16-16h64a16 16 0 0 1 16 16v95.64a16 16 0 0 0 16 16.05L464 480a16 16 0 0 0 16-16V300L295.67 148.26a12.19 12.19 0 0 0-15.3 0zM571.6 251.47L488 182.56V44.05a12 12 0 0 0-12-12h-56a12 12 0 0 0-12 12v72.61L318.47 43a48 48 0 0 0-61 0L4.34 251.47a12 12 0 0 0-1.6 16.9l25.5 31A12 12 0 0 0 45.15 301l235.22-193.74a12.19 12.19 0 0 1 15.3 0L530.9 301a12 12 0 0 0 16.9-1.6l25.5-31a12 12 0 0 0-1.7-16.93z\"><\/path><\/svg>\t\t\t\t<\/span>\n\t\t\t<\/div>\n\t\t\t\n\t\t\t\t\t\t<div class=\"elementor-icon-box-content\">\n\n\t\t\t\t\n\t\t\t\t\t\t\t\t\t<p class=\"elementor-icon-box-description\">\n\t\t\t\t\t\tAppartamenti da 2 a 4 camere.\t\t\t\t\t<\/p>\n\t\t\t\t\n\t\t\t<\/div>\n\t\t\t\n\t\t<\/div>\n\t\t\t\t<\/div>\n\t\t\t\t<\/div>\n\t\t\t\t\t<\/div>\n\t\t<\/div>\n\t\t\t\t\t<\/div>\n\t\t<\/section>\n\t\t\t\t<section class=\"elementor-section elementor-top-section elementor-element elementor-element-6d748bf elementor-section-boxed elementor-section-height-default elementor-section-height-default\" data-id=\"6d748bf\" data-element_type=\"section\">\n\t\t\t\t\t\t<div class=\"elementor-container elementor-column-gap-default\">\n\t\t\t\t\t<div class=\"elementor-column elementor-col-50 elementor-top-column elementor-element elementor-element-255b68a\" data-id=\"255b68a\" data-element_type=\"column\" data-settings=\"{&quot;background_background&quot;:&quot;classic&quot;}\">\n\t\t\t<div class=\"elementor-widget-wrap elementor-element-populated\">\n\t\t\t\t\t\t<div class=\"elementor-element elementor-element-1d400aa elementor-view-default elementor-position-top elementor-mobile-position-top elementor-widget elementor-widget-icon-box\" data-id=\"1d400aa\" data-element_type=\"widget\" data-widget_type=\"icon-box.default\">\n\t\t\t\t<div class=\"elementor-widget-container\">\n\t\t\t\t\t<div class=\"elementor-icon-box-wrapper\">\n\n\t\t\t\t\t\t<div class=\"elementor-icon-box-icon\">\n\t\t\t\t<span  class=\"elementor-icon elementor-animation-\">\n\t\t\t\t<svg aria-hidden=\"true\" class=\"e-font-icon-svg e-fas-lightbulb\" viewbox=\"0 0 352 512\" xmlns=\"http:\/\/www.w3.org\/2000\/svg\"><path d=\"M96.06 454.35c.01 6.29 1.87 12.45 5.36 17.69l17.09 25.69a31.99 31.99 0 0 0 26.64 14.28h61.71a31.99 31.99 0 0 0 26.64-14.28l17.09-25.69a31.989 31.989 0 0 0 5.36-17.69l.04-38.35H96.01l.05 38.35zM0 176c0 44.37 16.45 84.85 43.56 115.78 16.52 18.85 42.36 58.23 52.21 91.45.04.26.07.52.11.78h160.24c.04-.26.07-.51.11-.78 9.85-33.22 35.69-72.6 52.21-91.45C335.55 260.85 352 220.37 352 176 352 78.61 272.91-.3 175.45 0 73.44.31 0 82.97 0 176zm176-80c-44.11 0-80 35.89-80 80 0 8.84-7.16 16-16 16s-16-7.16-16-16c0-61.76 50.24-112 112-112 8.84 0 16 7.16 16 16s-7.16 16-16 16z\"><\/path><\/svg>\t\t\t\t<\/span>\n\t\t\t<\/div>\n\t\t\t\n\t\t\t\t\t\t<div class=\"elementor-icon-box-content\">\n\n\t\t\t\t\n\t\t\t\t\t\t\t\t\t<p class=\"elementor-icon-box-description\">\n\t\t\t\t\t\tCasa clima \u201cA-Nature\u201d.\t\t\t\t\t<\/p>\n\t\t\t\t\n\t\t\t<\/div>\n\t\t\t\n\t\t<\/div>\n\t\t\t\t<\/div>\n\t\t\t\t<\/div>\n\t\t\t\t\t<\/div>\n\t\t<\/div>\n\t\t\t\t<div class=\"elementor-column elementor-col-50 elementor-top-column elementor-element elementor-element-8ba73f6\" data-id=\"8ba73f6\" data-element_type=\"column\" data-settings=\"{&quot;background_background&quot;:&quot;classic&quot;}\">\n\t\t\t<div class=\"elementor-widget-wrap elementor-element-populated\">\n\t\t\t\t\t\t<div class=\"elementor-element elementor-element-f059f2c elementor-view-default elementor-position-top elementor-mobile-position-top elementor-widget elementor-widget-icon-box\" data-id=\"f059f2c\" data-element_type=\"widget\" data-widget_type=\"icon-box.default\">\n\t\t\t\t<div class=\"elementor-widget-container\">\n\t\t\t\t\t<div class=\"elementor-icon-box-wrapper\">\n\n\t\t\t\t\t\t<div class=\"elementor-icon-box-icon\">\n\t\t\t\t<span  class=\"elementor-icon elementor-animation-\">\n\t\t\t\t<i aria-hidden=\"true\" class=\"icon_key\"><\/i>\t\t\t\t<\/span>\n\t\t\t<\/div>\n\t\t\t\n\t\t\t\t\t\t<div class=\"elementor-icon-box-content\">\n\n\t\t\t\t\n\t\t\t\t\t\t\t\t\t<p class=\"elementor-icon-box-description\">\n\t\t\t\t\t\tCompletamento: 2019\t\t\t\t\t<\/p>\n\t\t\t\t\n\t\t\t<\/div>\n\t\t\t\n\t\t<\/div>\n\t\t\t\t<\/div>\n\t\t\t\t<\/div>\n\t\t\t\t\t<\/div>\n\t\t<\/div>\n\t\t\t\t\t<\/div>\n\t\t<\/section>\n\t\t\t\t<\/div>","protected":false},"excerpt":{"rendered":"<p>LANA &#8211; LORENZERWEG ZENTRAL ABER RUHIG Die Residence im Lorenzerweg in Lana zeichnet sich durch eine geringe Anzahl von Wohnungen und gro\u00dfz\u00fcgigen Freir\u00e4umen in Form von privaten G\u00e4rten und und gro\u00dfen, teilweise \u00fcberdachten Terrassen aus.Die Grundrisse sind variantenreich und f\u00fcr verschiedenste Wohnbed\u00fcrfnisse geeignet. Das Wohnkonzept wurde mit einer Tiefgarage und eigenen Kellerabteilen komplettiert. Zentrale Lage [&hellip;]<\/p>","protected":false},"author":1,"featured_media":0,"parent":0,"menu_order":0,"comment_status":"closed","ping_status":"closed","template":"elementor_header_footer","meta":{"footnotes":""},"class_list":["post-476","page","type-page","status-publish","hentry"],"yoast_head":"<!-- This site is optimized with the Yoast SEO plugin v23.5 - https:\/\/yoast.com\/wordpress\/plugins\/seo\/ -->\n<title>LIVING PANORAMA - WESTBAU<\/title>\n<meta name=\"description\" content=\"Die Residence im Lorenzerweg in Lana zeichnet sich durch eine geringe Anzahl von Wohnungen und gro\u00dfz\u00fcgigen Freir\u00e4umen in Form von privaten G\u00e4rten und und gro\u00dfen, teilweise \u00fcberdachten Terrassen aus.\" \/>\n<meta name=\"robots\" content=\"index, follow, max-snippet:-1, max-image-preview:large, max-video-preview:-1\" \/>\n<link rel=\"canonical\" href=\"https:\/\/westbau.it\/it\/living-panorama\/\" \/>\n<meta property=\"og:locale\" content=\"it_IT\" \/>\n<meta property=\"og:type\" content=\"article\" \/>\n<meta property=\"og:title\" content=\"LIVING PANORAMA - WESTBAU\" \/>\n<meta property=\"og:description\" content=\"Die Residence im Lorenzerweg in Lana zeichnet sich durch eine geringe Anzahl von Wohnungen und gro\u00dfz\u00fcgigen Freir\u00e4umen in Form von privaten G\u00e4rten und und gro\u00dfen, teilweise \u00fcberdachten Terrassen aus.\" \/>\n<meta property=\"og:url\" content=\"https:\/\/westbau.it\/it\/living-panorama\/\" \/>\n<meta property=\"og:site_name\" content=\"WESTBAU\" \/>\n<meta property=\"article:modified_time\" content=\"2024-05-31T18:07:16+00:00\" \/>\n<meta property=\"og:image\" content=\"https:\/\/westbau.it\/wp-content\/uploads\/2024\/02\/Skype_Picture_2024_02_15T12_43_24_094Z.jpeg\" \/>\n<meta name=\"twitter:card\" content=\"summary_large_image\" \/>\n<meta name=\"twitter:label1\" content=\"Tempo di lettura stimato\" \/>\n\t<meta name=\"twitter:data1\" content=\"1 minuto\" \/>\n<script type=\"application\/ld+json\" class=\"yoast-schema-graph\">{\"@context\":\"https:\/\/schema.org\",\"@graph\":[{\"@type\":\"WebPage\",\"@id\":\"https:\/\/westbau.it\/living-panorama\/\",\"url\":\"https:\/\/westbau.it\/living-panorama\/\",\"name\":\"LIVING PANORAMA - WESTBAU\",\"isPartOf\":{\"@id\":\"https:\/\/westbau.it\/#website\"},\"primaryImageOfPage\":{\"@id\":\"https:\/\/westbau.it\/living-panorama\/#primaryimage\"},\"image\":{\"@id\":\"https:\/\/westbau.it\/living-panorama\/#primaryimage\"},\"thumbnailUrl\":\"https:\/\/westbau.it\/wp-content\/uploads\/2024\/02\/Skype_Picture_2024_02_15T12_43_24_094Z.jpeg\",\"datePublished\":\"2024-02-11T13:50:17+00:00\",\"dateModified\":\"2024-05-31T18:07:16+00:00\",\"description\":\"Die Residence im Lorenzerweg in Lana zeichnet sich durch eine geringe Anzahl von Wohnungen und gro\u00dfz\u00fcgigen Freir\u00e4umen in Form von privaten G\u00e4rten und und gro\u00dfen, teilweise \u00fcberdachten Terrassen aus.\",\"breadcrumb\":{\"@id\":\"https:\/\/westbau.it\/living-panorama\/#breadcrumb\"},\"inLanguage\":\"it-IT\",\"potentialAction\":[{\"@type\":\"ReadAction\",\"target\":[\"https:\/\/westbau.it\/living-panorama\/\"]}]},{\"@type\":\"ImageObject\",\"inLanguage\":\"it-IT\",\"@id\":\"https:\/\/westbau.it\/living-panorama\/#primaryimage\",\"url\":\"https:\/\/westbau.it\/wp-content\/uploads\/2024\/02\/Skype_Picture_2024_02_15T12_43_24_094Z.jpeg\",\"contentUrl\":\"https:\/\/westbau.it\/wp-content\/uploads\/2024\/02\/Skype_Picture_2024_02_15T12_43_24_094Z.jpeg\"},{\"@type\":\"BreadcrumbList\",\"@id\":\"https:\/\/westbau.it\/living-panorama\/#breadcrumb\",\"itemListElement\":[{\"@type\":\"ListItem\",\"position\":1,\"name\":\"Startseite\",\"item\":\"https:\/\/westbau.it\/\"},{\"@type\":\"ListItem\",\"position\":2,\"name\":\"LIVING PANORAMA\"}]},{\"@type\":\"WebSite\",\"@id\":\"https:\/\/westbau.it\/#website\",\"url\":\"https:\/\/westbau.it\/\",\"name\":\"WESTBAU\",\"description\":\"WOHNTR\u00c4UME IM ALPENRAUM\",\"publisher\":{\"@id\":\"https:\/\/westbau.it\/#organization\"},\"potentialAction\":[{\"@type\":\"SearchAction\",\"target\":{\"@type\":\"EntryPoint\",\"urlTemplate\":\"https:\/\/westbau.it\/?s={search_term_string}\"},\"query-input\":{\"@type\":\"PropertyValueSpecification\",\"valueRequired\":true,\"valueName\":\"search_term_string\"}}],\"inLanguage\":\"it-IT\"},{\"@type\":\"Organization\",\"@id\":\"https:\/\/westbau.it\/#organization\",\"name\":\"WESTBAU\",\"url\":\"https:\/\/westbau.it\/\",\"logo\":{\"@type\":\"ImageObject\",\"inLanguage\":\"it-IT\",\"@id\":\"https:\/\/westbau.it\/#\/schema\/logo\/image\/\",\"url\":\"https:\/\/westbau.it\/wp-content\/uploads\/2024\/02\/logo-scaled.jpg\",\"contentUrl\":\"https:\/\/westbau.it\/wp-content\/uploads\/2024\/02\/logo-scaled.jpg\",\"width\":2560,\"height\":643,\"caption\":\"WESTBAU\"},\"image\":{\"@id\":\"https:\/\/westbau.it\/#\/schema\/logo\/image\/\"}}]}<\/script>\n<!-- \/ Yoast SEO plugin. -->","yoast_head_json":{"title":"LIVING PANORAMA - WESTBAU","description":"Die Residence im Lorenzerweg in Lana zeichnet sich durch eine geringe Anzahl von Wohnungen und gro\u00dfz\u00fcgigen Freir\u00e4umen in Form von privaten G\u00e4rten und und gro\u00dfen, teilweise \u00fcberdachten Terrassen aus.","robots":{"index":"index","follow":"follow","max-snippet":"max-snippet:-1","max-image-preview":"max-image-preview:large","max-video-preview":"max-video-preview:-1"},"canonical":"https:\/\/westbau.it\/it\/living-panorama\/","og_locale":"it_IT","og_type":"article","og_title":"LIVING PANORAMA - WESTBAU","og_description":"Die Residence im Lorenzerweg in Lana zeichnet sich durch eine geringe Anzahl von Wohnungen und gro\u00dfz\u00fcgigen Freir\u00e4umen in Form von privaten G\u00e4rten und und gro\u00dfen, teilweise \u00fcberdachten Terrassen aus.","og_url":"https:\/\/westbau.it\/it\/living-panorama\/","og_site_name":"WESTBAU","article_modified_time":"2024-05-31T18:07:16+00:00","og_image":[{"url":"https:\/\/westbau.it\/wp-content\/uploads\/2024\/02\/Skype_Picture_2024_02_15T12_43_24_094Z.jpeg"}],"twitter_card":"summary_large_image","twitter_misc":{"Tempo di lettura stimato":"1 minuto"},"schema":{"@context":"https:\/\/schema.org","@graph":[{"@type":"WebPage","@id":"https:\/\/westbau.it\/living-panorama\/","url":"https:\/\/westbau.it\/living-panorama\/","name":"LIVING PANORAMA - WESTBAU","isPartOf":{"@id":"https:\/\/westbau.it\/#website"},"primaryImageOfPage":{"@id":"https:\/\/westbau.it\/living-panorama\/#primaryimage"},"image":{"@id":"https:\/\/westbau.it\/living-panorama\/#primaryimage"},"thumbnailUrl":"https:\/\/westbau.it\/wp-content\/uploads\/2024\/02\/Skype_Picture_2024_02_15T12_43_24_094Z.jpeg","datePublished":"2024-02-11T13:50:17+00:00","dateModified":"2024-05-31T18:07:16+00:00","description":"Die Residence im Lorenzerweg in Lana zeichnet sich durch eine geringe Anzahl von Wohnungen und gro\u00dfz\u00fcgigen Freir\u00e4umen in Form von privaten G\u00e4rten und und gro\u00dfen, teilweise \u00fcberdachten Terrassen aus.","breadcrumb":{"@id":"https:\/\/westbau.it\/living-panorama\/#breadcrumb"},"inLanguage":"it-IT","potentialAction":[{"@type":"ReadAction","target":["https:\/\/westbau.it\/living-panorama\/"]}]},{"@type":"ImageObject","inLanguage":"it-IT","@id":"https:\/\/westbau.it\/living-panorama\/#primaryimage","url":"https:\/\/westbau.it\/wp-content\/uploads\/2024\/02\/Skype_Picture_2024_02_15T12_43_24_094Z.jpeg","contentUrl":"https:\/\/westbau.it\/wp-content\/uploads\/2024\/02\/Skype_Picture_2024_02_15T12_43_24_094Z.jpeg"},{"@type":"BreadcrumbList","@id":"https:\/\/westbau.it\/living-panorama\/#breadcrumb","itemListElement":[{"@type":"ListItem","position":1,"name":"Startseite","item":"https:\/\/westbau.it\/"},{"@type":"ListItem","position":2,"name":"LIVING PANORAMA"}]},{"@type":"WebSite","@id":"https:\/\/westbau.it\/#website","url":"https:\/\/westbau.it\/","name":"WESTBAU","description":"WOHNTR\u00c4UME IM ALPENRAUM","publisher":{"@id":"https:\/\/westbau.it\/#organization"},"potentialAction":[{"@type":"SearchAction","target":{"@type":"EntryPoint","urlTemplate":"https:\/\/westbau.it\/?s={search_term_string}"},"query-input":{"@type":"PropertyValueSpecification","valueRequired":true,"valueName":"search_term_string"}}],"inLanguage":"it-IT"},{"@type":"Organization","@id":"https:\/\/westbau.it\/#organization","name":"WESTBAU","url":"https:\/\/westbau.it\/","logo":{"@type":"ImageObject","inLanguage":"it-IT","@id":"https:\/\/westbau.it\/#\/schema\/logo\/image\/","url":"https:\/\/westbau.it\/wp-content\/uploads\/2024\/02\/logo-scaled.jpg","contentUrl":"https:\/\/westbau.it\/wp-content\/uploads\/2024\/02\/logo-scaled.jpg","width":2560,"height":643,"caption":"WESTBAU"},"image":{"@id":"https:\/\/westbau.it\/#\/schema\/logo\/image\/"}}]}},"_links":{"self":[{"href":"https:\/\/westbau.it\/it\/wp-json\/wp\/v2\/pages\/476","targetHints":{"allow":["GET"]}}],"collection":[{"href":"https:\/\/westbau.it\/it\/wp-json\/wp\/v2\/pages"}],"about":[{"href":"https:\/\/westbau.it\/it\/wp-json\/wp\/v2\/types\/page"}],"author":[{"embeddable":true,"href":"https:\/\/westbau.it\/it\/wp-json\/wp\/v2\/users\/1"}],"replies":[{"embeddable":true,"href":"https:\/\/westbau.it\/it\/wp-json\/wp\/v2\/comments?post=476"}],"version-history":[{"count":59,"href":"https:\/\/westbau.it\/it\/wp-json\/wp\/v2\/pages\/476\/revisions"}],"predecessor-version":[{"id":1533,"href":"https:\/\/westbau.it\/it\/wp-json\/wp\/v2\/pages\/476\/revisions\/1533"}],"wp:attachment":[{"href":"https:\/\/westbau.it\/it\/wp-json\/wp\/v2\/media?parent=476"}],"curies":[{"name":"wp","href":"https:\/\/api.w.org\/{rel}","templated":true}]}}