{"id":352,"date":"2024-02-11T09:38:41","date_gmt":"2024-02-11T09:38:41","guid":{"rendered":"https:\/\/westbau.it\/?page_id=352"},"modified":"2024-05-31T18:02:09","modified_gmt":"2024-05-31T18:02:09","slug":"aktuelle-projekte","status":"publish","type":"page","link":"https:\/\/westbau.it\/it\/aktuelle-projekte\/","title":{"rendered":"PROGETTI IN CORSO"},"content":{"rendered":"<div data-elementor-type=\"wp-page\" data-elementor-id=\"352\" class=\"elementor elementor-352\" data-elementor-post-type=\"page\">\n\t\t\t\t\t\t<section class=\"elementor-section elementor-top-section elementor-element elementor-element-2674850a elementor-section-full_width elementor-section-height-default elementor-section-height-default\" data-id=\"2674850a\" data-element_type=\"section\" data-settings=\"{&quot;background_background&quot;:&quot;classic&quot;}\">\n\t\t\t\t\t\t\t<div class=\"elementor-background-overlay\"><\/div>\n\t\t\t\t\t\t\t<div class=\"elementor-container elementor-column-gap-no\">\n\t\t\t\t\t<div class=\"elementor-column elementor-col-100 elementor-top-column elementor-element elementor-element-19ba8470\" data-id=\"19ba8470\" data-element_type=\"column\">\n\t\t\t<div class=\"elementor-widget-wrap elementor-element-populated\">\n\t\t\t\t\t\t<section class=\"elementor-section elementor-inner-section elementor-element elementor-element-6c1b713c elementor-section-boxed elementor-section-height-default elementor-section-height-default\" data-id=\"6c1b713c\" data-element_type=\"section\" data-settings=\"{&quot;background_background&quot;:&quot;classic&quot;}\">\n\t\t\t\t\t\t\t<div class=\"elementor-background-overlay\"><\/div>\n\t\t\t\t\t\t\t<div class=\"elementor-container elementor-column-gap-default\">\n\t\t\t\t\t<div class=\"elementor-column elementor-col-100 elementor-inner-column elementor-element elementor-element-4027dff6\" data-id=\"4027dff6\" data-element_type=\"column\">\n\t\t\t<div class=\"elementor-widget-wrap elementor-element-populated\">\n\t\t\t\t\t\t<div class=\"elementor-element elementor-element-4517c641 elementor-widget elementor-widget-heading\" data-id=\"4517c641\" data-element_type=\"widget\" data-widget_type=\"heading.default\">\n\t\t\t\t<div class=\"elementor-widget-container\">\n\t\t\t<style>\/*! elementor - v3.21.0 - 26-05-2024 *\/\n.elementor-heading-title{padding:0;margin:0;line-height:1}.elementor-widget-heading .elementor-heading-title[class*=elementor-size-]>a{color:inherit;font-size:inherit;line-height:inherit}.elementor-widget-heading .elementor-heading-title.elementor-size-small{font-size:15px}.elementor-widget-heading .elementor-heading-title.elementor-size-medium{font-size:19px}.elementor-widget-heading .elementor-heading-title.elementor-size-large{font-size:29px}.elementor-widget-heading .elementor-heading-title.elementor-size-xl{font-size:39px}.elementor-widget-heading .elementor-heading-title.elementor-size-xxl{font-size:59px}<\/style><h1 class=\"elementor-heading-title elementor-size-default\">PROGETTI IN CORSO<\/h1>\t\t<\/div>\n\t\t\t\t<\/div>\n\t\t\t\t\t<\/div>\n\t\t<\/div>\n\t\t\t\t\t<\/div>\n\t\t<\/section>\n\t\t\t\t\t<\/div>\n\t\t<\/div>\n\t\t\t\t\t<\/div>\n\t\t<\/section>\n\t\t\t\t<section class=\"elementor-section elementor-top-section elementor-element elementor-element-d99eb86 elementor-section-boxed elementor-section-height-default elementor-section-height-default\" data-id=\"d99eb86\" data-element_type=\"section\">\n\t\t\t\t\t\t<div class=\"elementor-container elementor-column-gap-default\">\n\t\t\t\t\t<div class=\"elementor-column elementor-col-100 elementor-top-column elementor-element elementor-element-9e3a5db\" data-id=\"9e3a5db\" data-element_type=\"column\">\n\t\t\t<div class=\"elementor-widget-wrap elementor-element-populated\">\n\t\t\t\t\t\t<div class=\"elementor-element elementor-element-5cafa2c elementor-widget__width-initial elementor-widget elementor-widget-heading\" data-id=\"5cafa2c\" data-element_type=\"widget\" data-widget_type=\"heading.default\">\n\t\t\t\t<div class=\"elementor-widget-container\">\n\t\t\t<h6 class=\"elementor-heading-title elementor-size-default\">NOVIT\u00c0 DAL\n<b>CANTIERE<\/b>\n<\/h6>\t\t<\/div>\n\t\t\t\t<\/div>\n\t\t\t\t<div class=\"elementor-element elementor-element-c44c649 elementor-widget elementor-widget-text-editor\" data-id=\"c44c649\" data-element_type=\"widget\" data-widget_type=\"text-editor.default\">\n\t\t\t\t<div class=\"elementor-widget-container\">\n\t\t\t<style>\/*! elementor - v3.21.0 - 26-05-2024 *\/\n.elementor-widget-text-editor.elementor-drop-cap-view-stacked .elementor-drop-cap{background-color:#69727d;color:#fff}.elementor-widget-text-editor.elementor-drop-cap-view-framed .elementor-drop-cap{color:#69727d;border:3px solid;background-color:transparent}.elementor-widget-text-editor:not(.elementor-drop-cap-view-default) .elementor-drop-cap{margin-top:8px}.elementor-widget-text-editor:not(.elementor-drop-cap-view-default) .elementor-drop-cap-letter{width:1em;height:1em}.elementor-widget-text-editor .elementor-drop-cap{float:left;text-align:center;line-height:1;font-size:50px}.elementor-widget-text-editor .elementor-drop-cap-letter{display:inline-block}<\/style>\t\t\t\tEcco gli attuali progressi dei lavori in corso nei nostri cantieri.\t\t\t\t\t\t<\/div>\n\t\t\t\t<\/div>\n\t\t\t\t\t<\/div>\n\t\t<\/div>\n\t\t\t\t\t<\/div>\n\t\t<\/section>\n\t\t\t\t<section class=\"elementor-section elementor-top-section elementor-element elementor-element-4b1a0f1 elementor-section-boxed elementor-section-height-default elementor-section-height-default\" data-id=\"4b1a0f1\" data-element_type=\"section\" data-settings=\"{&quot;background_background&quot;:&quot;classic&quot;}\">\n\t\t\t\t\t\t\t<div class=\"elementor-background-overlay\"><\/div>\n\t\t\t\t\t\t\t<div class=\"elementor-container elementor-column-gap-default\">\n\t\t\t\t\t<div class=\"elementor-column elementor-col-100 elementor-top-column elementor-element elementor-element-170355c\" data-id=\"170355c\" data-element_type=\"column\">\n\t\t\t<div class=\"elementor-widget-wrap elementor-element-populated\">\n\t\t\t\t\t\t<section class=\"elementor-section elementor-inner-section elementor-element elementor-element-cc56e52 elementor-section-boxed elementor-section-height-default elementor-section-height-default elementor-invisible\" data-id=\"cc56e52\" data-element_type=\"section\" data-settings=\"{&quot;animation&quot;:&quot;fadeIn&quot;,&quot;animation_delay&quot;:200}\">\n\t\t\t\t\t\t<div class=\"elementor-container elementor-column-gap-default\">\n\t\t\t\t\t<div class=\"elementor-column elementor-col-50 elementor-inner-column elementor-element elementor-element-b91076c\" data-id=\"b91076c\" data-element_type=\"column\" data-settings=\"{&quot;background_background&quot;:&quot;classic&quot;}\">\n\t\t\t<div class=\"elementor-widget-wrap elementor-element-populated\">\n\t\t\t\t\t\t<div class=\"elementor-element elementor-element-ab4247b elementor-cta--skin-cover elementor-cta--valign-bottom e-transform elementor-bg-transform elementor-bg-transform-zoom-in elementor-widget elementor-widget-call-to-action\" data-id=\"ab4247b\" data-element_type=\"widget\" data-settings=\"{&quot;_transform_scale_effect_hover&quot;:{&quot;unit&quot;:&quot;px&quot;,&quot;size&quot;:1.100000000000000088817841970012523233890533447265625,&quot;sizes&quot;:[]},&quot;_transform_scale_effect_hover_tablet&quot;:{&quot;unit&quot;:&quot;px&quot;,&quot;size&quot;:&quot;&quot;,&quot;sizes&quot;:[]},&quot;_transform_scale_effect_hover_mobile&quot;:{&quot;unit&quot;:&quot;px&quot;,&quot;size&quot;:&quot;&quot;,&quot;sizes&quot;:[]}}\" data-widget_type=\"call-to-action.default\">\n\t\t\t\t<div class=\"elementor-widget-container\">\n\t\t\t<link rel=\"stylesheet\" href=\"https:\/\/westbau.it\/wp-content\/plugins\/elementor-pro\/assets\/css\/widget-call-to-action.min.css\">\t\t<div class=\"elementor-cta\">\n\t\t\t\t\t<div class=\"elementor-cta__bg-wrapper\">\n\t\t\t\t<div class=\"elementor-cta__bg elementor-bg\" style=\"background-image: url(https:\/\/westbau.it\/wp-content\/uploads\/2024\/02\/Skype_Picture_2024_02_15T12_37_58_840Z-1.jpeg);\" role=\"img\" aria-label=\"Skype_Picture_2024_02_15T12_37_58_840Z\"><\/div>\n\t\t\t\t<div class=\"elementor-cta__bg-overlay\"><\/div>\n\t\t\t<\/div>\n\t\t\t\t\t\t\t<div class=\"elementor-cta__content\">\n\t\t\t\t\n\t\t\t\t\t\t\t\t\t<h3 class=\"elementor-cta__title elementor-cta__content-item elementor-content-item\">\n\t\t\t\t\t\tPRACUPOLA - VAL D\u2019ULTIMO\t\t\t\t\t<\/h3>\n\t\t\t\t\n\t\t\t\t\n\t\t\t\t\t\t\t\t\t<div class=\"elementor-cta__button-wrapper elementor-cta__content-item elementor-content-item\">\n\t\t\t\t\t<a class=\"elementor-cta__button elementor-button elementor-size-\" href=\"https:\/\/westbau.it\/it\/kuppelwies\/\">\n\t\t\t\t\t\t SCOPRI DI PI\u00d9\t\t\t\t\t<\/a>\n\t\t\t\t\t<\/div>\n\t\t\t\t\t\t\t<\/div>\n\t\t\t\t\t\t<\/div>\n\t\t\t\t<\/div>\n\t\t\t\t<\/div>\n\t\t\t\t\t<\/div>\n\t\t<\/div>\n\t\t\t\t<div class=\"elementor-column elementor-col-50 elementor-inner-column elementor-element elementor-element-88b76b3\" data-id=\"88b76b3\" data-element_type=\"column\" data-settings=\"{&quot;background_background&quot;:&quot;classic&quot;}\">\n\t\t\t<div class=\"elementor-widget-wrap elementor-element-populated\">\n\t\t\t\t\t\t<div class=\"elementor-element elementor-element-dbd479f elementor-cta--skin-cover elementor-cta--valign-bottom e-transform elementor-bg-transform elementor-bg-transform-zoom-in elementor-widget elementor-widget-call-to-action\" data-id=\"dbd479f\" data-element_type=\"widget\" data-settings=\"{&quot;_transform_scale_effect_hover&quot;:{&quot;unit&quot;:&quot;px&quot;,&quot;size&quot;:1.100000000000000088817841970012523233890533447265625,&quot;sizes&quot;:[]},&quot;_transform_scale_effect_hover_tablet&quot;:{&quot;unit&quot;:&quot;px&quot;,&quot;size&quot;:&quot;&quot;,&quot;sizes&quot;:[]},&quot;_transform_scale_effect_hover_mobile&quot;:{&quot;unit&quot;:&quot;px&quot;,&quot;size&quot;:&quot;&quot;,&quot;sizes&quot;:[]}}\" data-widget_type=\"call-to-action.default\">\n\t\t\t\t<div class=\"elementor-widget-container\">\n\t\t\t\t\t<div class=\"elementor-cta\">\n\t\t\t\t\t<div class=\"elementor-cta__bg-wrapper\">\n\t\t\t\t<div class=\"elementor-cta__bg elementor-bg\" style=\"background-image: url(https:\/\/westbau.it\/wp-content\/uploads\/2024\/02\/Skype_Picture_2024_02_15T12_41_33_566Z.jpeg);\" role=\"img\" aria-label=\"Skype_Picture_2024_02_15T12_41_33_566Z\"><\/div>\n\t\t\t\t<div class=\"elementor-cta__bg-overlay\"><\/div>\n\t\t\t<\/div>\n\t\t\t\t\t\t\t<div class=\"elementor-cta__content\">\n\t\t\t\t\n\t\t\t\t\t\t\t\t\t<h3 class=\"elementor-cta__title elementor-cta__content-item elementor-content-item\">\n\t\t\t\t\t\tNATURNO\t\t\t\t\t<\/h3>\n\t\t\t\t\n\t\t\t\t\n\t\t\t\t\t\t\t\t\t<div class=\"elementor-cta__button-wrapper elementor-cta__content-item elementor-content-item\">\n\t\t\t\t\t<a class=\"elementor-cta__button elementor-button elementor-size-\" href=\"https:\/\/westbau.it\/it\/naturns\/\">\n\t\t\t\t\t\t SCOPRI DI PI\u00d9\t\t\t\t\t<\/a>\n\t\t\t\t\t<\/div>\n\t\t\t\t\t\t\t<\/div>\n\t\t\t\t\t\t<\/div>\n\t\t\t\t<\/div>\n\t\t\t\t<\/div>\n\t\t\t\t\t<\/div>\n\t\t<\/div>\n\t\t\t\t\t<\/div>\n\t\t<\/section>\n\t\t\t\t\t<\/div>\n\t\t<\/div>\n\t\t\t\t\t<\/div>\n\t\t<\/section>\n\t\t\t\t<\/div>","protected":false},"excerpt":{"rendered":"<p>NEUES VON DER BAUSTELLE Hier finden Sie die Aktuellen Baufortschritte unserer Baustelle KUPPELWIES MEHR ERFAHREN NATURNS MEHR ERFAHREN<\/p>","protected":false},"author":1,"featured_media":0,"parent":0,"menu_order":0,"comment_status":"closed","ping_status":"closed","template":"elementor_header_footer","meta":{"footnotes":""},"class_list":["post-352","page","type-page","status-publish","hentry"],"yoast_head":"<!-- This site is optimized with the Yoast SEO plugin v23.5 - https:\/\/yoast.com\/wordpress\/plugins\/seo\/ -->\n<title>AKTUELLE PROJEKTE<\/title>\n<meta name=\"description\" content=\"Unsere Immobilien werden nach h\u00f6chsten Qualit\u00e4tsstandarts errichtet. Alle beauftragen Projektanten, Fachplaner, Lieferanten und Handwerker kommen aus der Gegend, und sind hervorragend ausgebildet und verf\u00fcgen \u00fcber jede Menge Erfahrung auf Ihrem Fachgebiet. Weiters sindes meist bereits eingespielte Teams und genie\u00dfen als unsere Partner unser vollstes Vertrauen. WESTBAU GMBH\" \/>\n<meta name=\"robots\" content=\"index, follow, max-snippet:-1, max-image-preview:large, max-video-preview:-1\" \/>\n<link rel=\"canonical\" href=\"https:\/\/westbau.it\/it\/aktuelle-projekte\/\" \/>\n<meta property=\"og:locale\" content=\"it_IT\" \/>\n<meta property=\"og:type\" content=\"article\" \/>\n<meta property=\"og:title\" content=\"AKTUELLE PROJEKTE\" \/>\n<meta property=\"og:description\" content=\"Unsere Immobilien werden nach h\u00f6chsten Qualit\u00e4tsstandarts errichtet. Alle beauftragen Projektanten, Fachplaner, Lieferanten und Handwerker kommen aus der Gegend, und sind hervorragend ausgebildet und verf\u00fcgen \u00fcber jede Menge Erfahrung auf Ihrem Fachgebiet. Weiters sindes meist bereits eingespielte Teams und genie\u00dfen als unsere Partner unser vollstes Vertrauen. WESTBAU GMBH\" \/>\n<meta property=\"og:url\" content=\"https:\/\/westbau.it\/it\/aktuelle-projekte\/\" \/>\n<meta property=\"og:site_name\" content=\"WESTBAU\" \/>\n<meta property=\"article:modified_time\" content=\"2024-05-31T18:02:09+00:00\" \/>\n<meta property=\"og:image\" content=\"https:\/\/westbau.it\/wp-content\/uploads\/2024\/02\/WESTBAU-Logo.png\" \/>\n\t<meta property=\"og:image:width\" content=\"3366\" \/>\n\t<meta property=\"og:image:height\" content=\"845\" \/>\n\t<meta property=\"og:image:type\" content=\"image\/png\" \/>\n<meta name=\"twitter:card\" content=\"summary_large_image\" \/>\n<meta name=\"twitter:label1\" content=\"Tempo di lettura stimato\" \/>\n\t<meta name=\"twitter:data1\" content=\"1 minuto\" \/>\n<script type=\"application\/ld+json\" class=\"yoast-schema-graph\">{\"@context\":\"https:\/\/schema.org\",\"@graph\":[{\"@type\":\"WebPage\",\"@id\":\"https:\/\/westbau.it\/aktuelle-projekte\/\",\"url\":\"https:\/\/westbau.it\/aktuelle-projekte\/\",\"name\":\"AKTUELLE PROJEKTE\",\"isPartOf\":{\"@id\":\"https:\/\/westbau.it\/#website\"},\"datePublished\":\"2024-02-11T09:38:41+00:00\",\"dateModified\":\"2024-05-31T18:02:09+00:00\",\"description\":\"Unsere Immobilien werden nach h\u00f6chsten Qualit\u00e4tsstandarts errichtet. Alle beauftragen Projektanten, Fachplaner, Lieferanten und Handwerker kommen aus der Gegend, und sind hervorragend ausgebildet und verf\u00fcgen \u00fcber jede Menge Erfahrung auf Ihrem Fachgebiet. Weiters sindes meist bereits eingespielte Teams und genie\u00dfen als unsere Partner unser vollstes Vertrauen. WESTBAU GMBH\",\"breadcrumb\":{\"@id\":\"https:\/\/westbau.it\/aktuelle-projekte\/#breadcrumb\"},\"inLanguage\":\"it-IT\",\"potentialAction\":[{\"@type\":\"ReadAction\",\"target\":[\"https:\/\/westbau.it\/aktuelle-projekte\/\"]}]},{\"@type\":\"BreadcrumbList\",\"@id\":\"https:\/\/westbau.it\/aktuelle-projekte\/#breadcrumb\",\"itemListElement\":[{\"@type\":\"ListItem\",\"position\":1,\"name\":\"Startseite\",\"item\":\"https:\/\/westbau.it\/\"},{\"@type\":\"ListItem\",\"position\":2,\"name\":\"AKTUELLE PROJEKTE\"}]},{\"@type\":\"WebSite\",\"@id\":\"https:\/\/westbau.it\/#website\",\"url\":\"https:\/\/westbau.it\/\",\"name\":\"WESTBAU\",\"description\":\"WOHNTR\u00c4UME IM ALPENRAUM\",\"publisher\":{\"@id\":\"https:\/\/westbau.it\/#organization\"},\"potentialAction\":[{\"@type\":\"SearchAction\",\"target\":{\"@type\":\"EntryPoint\",\"urlTemplate\":\"https:\/\/westbau.it\/?s={search_term_string}\"},\"query-input\":{\"@type\":\"PropertyValueSpecification\",\"valueRequired\":true,\"valueName\":\"search_term_string\"}}],\"inLanguage\":\"it-IT\"},{\"@type\":\"Organization\",\"@id\":\"https:\/\/westbau.it\/#organization\",\"name\":\"WESTBAU\",\"url\":\"https:\/\/westbau.it\/\",\"logo\":{\"@type\":\"ImageObject\",\"inLanguage\":\"it-IT\",\"@id\":\"https:\/\/westbau.it\/#\/schema\/logo\/image\/\",\"url\":\"https:\/\/westbau.it\/wp-content\/uploads\/2024\/02\/logo-scaled.jpg\",\"contentUrl\":\"https:\/\/westbau.it\/wp-content\/uploads\/2024\/02\/logo-scaled.jpg\",\"width\":2560,\"height\":643,\"caption\":\"WESTBAU\"},\"image\":{\"@id\":\"https:\/\/westbau.it\/#\/schema\/logo\/image\/\"}}]}<\/script>\n<!-- \/ Yoast SEO plugin. -->","yoast_head_json":{"title":"AKTUELLE PROJEKTE","description":"Unsere Immobilien werden nach h\u00f6chsten Qualit\u00e4tsstandarts errichtet. Alle beauftragen Projektanten, Fachplaner, Lieferanten und Handwerker kommen aus der Gegend, und sind hervorragend ausgebildet und verf\u00fcgen \u00fcber jede Menge Erfahrung auf Ihrem Fachgebiet. Weiters sindes meist bereits eingespielte Teams und genie\u00dfen als unsere Partner unser vollstes Vertrauen. WESTBAU GMBH","robots":{"index":"index","follow":"follow","max-snippet":"max-snippet:-1","max-image-preview":"max-image-preview:large","max-video-preview":"max-video-preview:-1"},"canonical":"https:\/\/westbau.it\/it\/aktuelle-projekte\/","og_locale":"it_IT","og_type":"article","og_title":"AKTUELLE PROJEKTE","og_description":"Unsere Immobilien werden nach h\u00f6chsten Qualit\u00e4tsstandarts errichtet. Alle beauftragen Projektanten, Fachplaner, Lieferanten und Handwerker kommen aus der Gegend, und sind hervorragend ausgebildet und verf\u00fcgen \u00fcber jede Menge Erfahrung auf Ihrem Fachgebiet. Weiters sindes meist bereits eingespielte Teams und genie\u00dfen als unsere Partner unser vollstes Vertrauen. WESTBAU GMBH","og_url":"https:\/\/westbau.it\/it\/aktuelle-projekte\/","og_site_name":"WESTBAU","article_modified_time":"2024-05-31T18:02:09+00:00","og_image":[{"width":3366,"height":845,"url":"https:\/\/westbau.it\/wp-content\/uploads\/2024\/02\/WESTBAU-Logo.png","type":"image\/png"}],"twitter_card":"summary_large_image","twitter_misc":{"Tempo di lettura stimato":"1 minuto"},"schema":{"@context":"https:\/\/schema.org","@graph":[{"@type":"WebPage","@id":"https:\/\/westbau.it\/aktuelle-projekte\/","url":"https:\/\/westbau.it\/aktuelle-projekte\/","name":"AKTUELLE PROJEKTE","isPartOf":{"@id":"https:\/\/westbau.it\/#website"},"datePublished":"2024-02-11T09:38:41+00:00","dateModified":"2024-05-31T18:02:09+00:00","description":"Unsere Immobilien werden nach h\u00f6chsten Qualit\u00e4tsstandarts errichtet. Alle beauftragen Projektanten, Fachplaner, Lieferanten und Handwerker kommen aus der Gegend, und sind hervorragend ausgebildet und verf\u00fcgen \u00fcber jede Menge Erfahrung auf Ihrem Fachgebiet. Weiters sindes meist bereits eingespielte Teams und genie\u00dfen als unsere Partner unser vollstes Vertrauen. WESTBAU GMBH","breadcrumb":{"@id":"https:\/\/westbau.it\/aktuelle-projekte\/#breadcrumb"},"inLanguage":"it-IT","potentialAction":[{"@type":"ReadAction","target":["https:\/\/westbau.it\/aktuelle-projekte\/"]}]},{"@type":"BreadcrumbList","@id":"https:\/\/westbau.it\/aktuelle-projekte\/#breadcrumb","itemListElement":[{"@type":"ListItem","position":1,"name":"Startseite","item":"https:\/\/westbau.it\/"},{"@type":"ListItem","position":2,"name":"AKTUELLE PROJEKTE"}]},{"@type":"WebSite","@id":"https:\/\/westbau.it\/#website","url":"https:\/\/westbau.it\/","name":"WESTBAU","description":"WOHNTR\u00c4UME IM ALPENRAUM","publisher":{"@id":"https:\/\/westbau.it\/#organization"},"potentialAction":[{"@type":"SearchAction","target":{"@type":"EntryPoint","urlTemplate":"https:\/\/westbau.it\/?s={search_term_string}"},"query-input":{"@type":"PropertyValueSpecification","valueRequired":true,"valueName":"search_term_string"}}],"inLanguage":"it-IT"},{"@type":"Organization","@id":"https:\/\/westbau.it\/#organization","name":"WESTBAU","url":"https:\/\/westbau.it\/","logo":{"@type":"ImageObject","inLanguage":"it-IT","@id":"https:\/\/westbau.it\/#\/schema\/logo\/image\/","url":"https:\/\/westbau.it\/wp-content\/uploads\/2024\/02\/logo-scaled.jpg","contentUrl":"https:\/\/westbau.it\/wp-content\/uploads\/2024\/02\/logo-scaled.jpg","width":2560,"height":643,"caption":"WESTBAU"},"image":{"@id":"https:\/\/westbau.it\/#\/schema\/logo\/image\/"}}]}},"_links":{"self":[{"href":"https:\/\/westbau.it\/it\/wp-json\/wp\/v2\/pages\/352","targetHints":{"allow":["GET"]}}],"collection":[{"href":"https:\/\/westbau.it\/it\/wp-json\/wp\/v2\/pages"}],"about":[{"href":"https:\/\/westbau.it\/it\/wp-json\/wp\/v2\/types\/page"}],"author":[{"embeddable":true,"href":"https:\/\/westbau.it\/it\/wp-json\/wp\/v2\/users\/1"}],"replies":[{"embeddable":true,"href":"https:\/\/westbau.it\/it\/wp-json\/wp\/v2\/comments?post=352"}],"version-history":[{"count":36,"href":"https:\/\/westbau.it\/it\/wp-json\/wp\/v2\/pages\/352\/revisions"}],"predecessor-version":[{"id":1528,"href":"https:\/\/westbau.it\/it\/wp-json\/wp\/v2\/pages\/352\/revisions\/1528"}],"wp:attachment":[{"href":"https:\/\/westbau.it\/it\/wp-json\/wp\/v2\/media?parent=352"}],"curies":[{"name":"wp","href":"https:\/\/api.w.org\/{rel}","templated":true}]}}