{"id":1230,"date":"2024-02-21T12:10:15","date_gmt":"2024-02-21T12:10:15","guid":{"rendered":"https:\/\/westbau.it\/?page_id=1230"},"modified":"2024-02-21T12:11:58","modified_gmt":"2024-02-21T12:11:58","slug":"impressum","status":"publish","type":"page","link":"https:\/\/westbau.it\/it\/impressum\/","title":{"rendered":"IMPRESSUM"},"content":{"rendered":"<div data-elementor-type=\"wp-page\" data-elementor-id=\"1230\" class=\"elementor elementor-1230\" data-elementor-post-type=\"page\">\n\t\t\t\t\t\t<section class=\"elementor-section elementor-top-section elementor-element elementor-element-228162ef elementor-section-content-middle elementor-section-boxed elementor-section-height-default elementor-section-height-default\" data-id=\"228162ef\" data-element_type=\"section\" data-settings=\"{&quot;background_background&quot;:&quot;classic&quot;}\">\n\t\t\t\t\t\t<div class=\"elementor-container elementor-column-gap-default\">\n\t\t\t\t\t<div class=\"elementor-column elementor-col-100 elementor-top-column elementor-element elementor-element-2ebf2da9\" data-id=\"2ebf2da9\" data-element_type=\"column\">\n\t\t\t<div class=\"elementor-widget-wrap elementor-element-populated\">\n\t\t\t\t\t\t<div class=\"elementor-element elementor-element-7ec9e24 elementor-widget elementor-widget-heading\" data-id=\"7ec9e24\" data-element_type=\"widget\" data-widget_type=\"heading.default\">\n\t\t\t\t<div class=\"elementor-widget-container\">\n\t\t\t<style>\/*! elementor - v3.21.0 - 26-05-2024 *\/\n.elementor-heading-title{padding:0;margin:0;line-height:1}.elementor-widget-heading .elementor-heading-title[class*=elementor-size-]>a{color:inherit;font-size:inherit;line-height:inherit}.elementor-widget-heading .elementor-heading-title.elementor-size-small{font-size:15px}.elementor-widget-heading .elementor-heading-title.elementor-size-medium{font-size:19px}.elementor-widget-heading .elementor-heading-title.elementor-size-large{font-size:29px}.elementor-widget-heading .elementor-heading-title.elementor-size-xl{font-size:39px}.elementor-widget-heading .elementor-heading-title.elementor-size-xxl{font-size:59px}<\/style><h2 class=\"elementor-heading-title elementor-size-default\">Impressum<\/h2>\t\t<\/div>\n\t\t\t\t<\/div>\n\t\t\t\t<div class=\"elementor-element elementor-element-8aec1bc elementor-widget elementor-widget-heading\" data-id=\"8aec1bc\" data-element_type=\"widget\" data-widget_type=\"heading.default\">\n\t\t\t\t<div class=\"elementor-widget-container\">\n\t\t\t<h2 class=\"elementor-heading-title elementor-size-default\">Verantwortlich f\u00fcr den Inhalt<\/h2>\t\t<\/div>\n\t\t\t\t<\/div>\n\t\t\t\t<div class=\"elementor-element elementor-element-4b981b18 elementor-widget elementor-widget-text-editor\" data-id=\"4b981b18\" data-element_type=\"widget\" data-widget_type=\"text-editor.default\">\n\t\t\t\t<div class=\"elementor-widget-container\">\n\t\t\t<style>\/*! elementor - v3.21.0 - 26-05-2024 *\/\n.elementor-widget-text-editor.elementor-drop-cap-view-stacked .elementor-drop-cap{background-color:#69727d;color:#fff}.elementor-widget-text-editor.elementor-drop-cap-view-framed .elementor-drop-cap{color:#69727d;border:3px solid;background-color:transparent}.elementor-widget-text-editor:not(.elementor-drop-cap-view-default) .elementor-drop-cap{margin-top:8px}.elementor-widget-text-editor:not(.elementor-drop-cap-view-default) .elementor-drop-cap-letter{width:1em;height:1em}.elementor-widget-text-editor .elementor-drop-cap{float:left;text-align:center;line-height:1;font-size:50px}.elementor-widget-text-editor .elementor-drop-cap-letter{display:inline-block}<\/style>\t\t\t\t<p>WESTBAU GmbH<br \/>auf der Station Nr. 16,<br \/>39010 St. Pankraz (BZ)<br \/>Steuer- und Eintragungsnummer im Handelsregister Bozen: 02395680214<\/p>\t\t\t\t\t\t<\/div>\n\t\t\t\t<\/div>\n\t\t\t\t<div class=\"elementor-element elementor-element-81f3357 elementor-widget elementor-widget-text-editor\" data-id=\"81f3357\" data-element_type=\"widget\" data-widget_type=\"text-editor.default\">\n\t\t\t\t<div class=\"elementor-widget-container\">\n\t\t\t\t\t\t\tinfo@westbau.it\t\t\t\t\t\t<\/div>\n\t\t\t\t<\/div>\n\t\t\t\t<div class=\"elementor-element elementor-element-6db71d5 elementor-widget elementor-widget-text-editor\" data-id=\"6db71d5\" data-element_type=\"widget\" data-widget_type=\"text-editor.default\">\n\t\t\t\t<div class=\"elementor-widget-container\">\n\t\t\t\t\t\t\t<p>Programmierung der Internetseite<br \/>iFLAIM &#8211; info@iflaim.com<\/p>\t\t\t\t\t\t<\/div>\n\t\t\t\t<\/div>\n\t\t\t\t<div class=\"elementor-element elementor-element-449c732 elementor-widget elementor-widget-text-editor\" data-id=\"449c732\" data-element_type=\"widget\" data-widget_type=\"text-editor.default\">\n\t\t\t\t<div class=\"elementor-widget-container\">\n\t\t\t\t\t\t\tAlle Informationen und Erkl\u00e4rungen dieser Internetseiten sind unverbindlich. Die Westbau GmbH\n\u00fcbernimmt f\u00fcr die Richtigkeit und Vollst\u00e4ndigkeit der Inhalte keine Gew\u00e4hr. Es wird keine Garantie\n\u00fcbernommen und keine Zusicherung von Produkteigenschaften gemacht. Aus den Inhalten der\nInternetseiten ergeben sich keine Rechtsanspr\u00fcche. Fehler im Inhalt werden bei Kenntnis dar\u00fcber\nunverz\u00fcglich korrigiert. Die Inhalte der Internetseiten k\u00f6nnen durch zeitverz\u00f6gerte Aktualisierung\nnicht permanent aktuell sein. Links auf andere Internetseiten werden nicht permanent kontrolliert.\nSomit \u00fcbernehmen wir keine Verantwortung f\u00fcr den Inhalt verlinkter Seiten.\t\t\t\t\t\t<\/div>\n\t\t\t\t<\/div>\n\t\t\t\t\t<\/div>\n\t\t<\/div>\n\t\t\t\t\t<\/div>\n\t\t<\/section>\n\t\t\t\t<\/div>","protected":false},"excerpt":{"rendered":"<p>Impressum Verantwortlich f\u00fcr den Inhalt WESTBAU GmbHauf der Station Nr. 16,39010 St. Pankraz (BZ)Steuer- und Eintragungsnummer im Handelsregister Bozen: 02395680214 info@westbau.it Programmierung der InternetseiteiFLAIM &#8211; info@iflaim.com Alle Informationen und Erkl\u00e4rungen dieser Internetseiten sind unverbindlich. Die Westbau GmbH \u00fcbernimmt f\u00fcr die Richtigkeit und Vollst\u00e4ndigkeit der Inhalte keine Gew\u00e4hr. Es wird keine Garantie \u00fcbernommen und keine Zusicherung [&hellip;]<\/p>","protected":false},"author":1,"featured_media":0,"parent":0,"menu_order":0,"comment_status":"closed","ping_status":"closed","template":"elementor_header_footer","meta":{"footnotes":""},"class_list":["post-1230","page","type-page","status-publish","hentry"],"yoast_head":"<!-- This site is optimized with the Yoast SEO plugin v23.5 - https:\/\/yoast.com\/wordpress\/plugins\/seo\/ -->\n<title>IMPRESSUM - WESTBAU<\/title>\n<meta name=\"robots\" content=\"index, follow, max-snippet:-1, max-image-preview:large, max-video-preview:-1\" \/>\n<link rel=\"canonical\" href=\"https:\/\/westbau.it\/it\/impressum\/\" \/>\n<meta property=\"og:locale\" content=\"it_IT\" \/>\n<meta property=\"og:type\" content=\"article\" \/>\n<meta property=\"og:title\" content=\"IMPRESSUM - WESTBAU\" \/>\n<meta property=\"og:description\" content=\"Impressum Verantwortlich f\u00fcr den Inhalt WESTBAU GmbHauf der Station Nr. 16,39010 St. Pankraz (BZ)Steuer- und Eintragungsnummer im Handelsregister Bozen: 02395680214 info@westbau.it Programmierung der InternetseiteiFLAIM &#8211; info@iflaim.com Alle Informationen und Erkl\u00e4rungen dieser Internetseiten sind unverbindlich. Die Westbau GmbH \u00fcbernimmt f\u00fcr die Richtigkeit und Vollst\u00e4ndigkeit der Inhalte keine Gew\u00e4hr. Es wird keine Garantie \u00fcbernommen und keine Zusicherung [&hellip;]\" \/>\n<meta property=\"og:url\" content=\"https:\/\/westbau.it\/it\/impressum\/\" \/>\n<meta property=\"og:site_name\" content=\"WESTBAU\" \/>\n<meta property=\"article:modified_time\" content=\"2024-02-21T12:11:58+00:00\" \/>\n<meta property=\"og:image\" content=\"https:\/\/westbau.it\/wp-content\/uploads\/2024\/02\/WESTBAU-Logo.png\" \/>\n\t<meta property=\"og:image:width\" content=\"3366\" \/>\n\t<meta property=\"og:image:height\" content=\"845\" \/>\n\t<meta property=\"og:image:type\" content=\"image\/png\" \/>\n<meta name=\"twitter:card\" content=\"summary_large_image\" \/>\n<meta name=\"twitter:label1\" content=\"Tempo di lettura stimato\" \/>\n\t<meta name=\"twitter:data1\" content=\"1 minuto\" \/>\n<script type=\"application\/ld+json\" class=\"yoast-schema-graph\">{\"@context\":\"https:\/\/schema.org\",\"@graph\":[{\"@type\":\"WebPage\",\"@id\":\"https:\/\/westbau.it\/impressum\/\",\"url\":\"https:\/\/westbau.it\/impressum\/\",\"name\":\"IMPRESSUM - WESTBAU\",\"isPartOf\":{\"@id\":\"https:\/\/westbau.it\/#website\"},\"datePublished\":\"2024-02-21T12:10:15+00:00\",\"dateModified\":\"2024-02-21T12:11:58+00:00\",\"breadcrumb\":{\"@id\":\"https:\/\/westbau.it\/impressum\/#breadcrumb\"},\"inLanguage\":\"it-IT\",\"potentialAction\":[{\"@type\":\"ReadAction\",\"target\":[\"https:\/\/westbau.it\/impressum\/\"]}]},{\"@type\":\"BreadcrumbList\",\"@id\":\"https:\/\/westbau.it\/impressum\/#breadcrumb\",\"itemListElement\":[{\"@type\":\"ListItem\",\"position\":1,\"name\":\"Startseite\",\"item\":\"https:\/\/westbau.it\/\"},{\"@type\":\"ListItem\",\"position\":2,\"name\":\"IMPRESSUM\"}]},{\"@type\":\"WebSite\",\"@id\":\"https:\/\/westbau.it\/#website\",\"url\":\"https:\/\/westbau.it\/\",\"name\":\"WESTBAU\",\"description\":\"WOHNTR\u00c4UME IM ALPENRAUM\",\"publisher\":{\"@id\":\"https:\/\/westbau.it\/#organization\"},\"potentialAction\":[{\"@type\":\"SearchAction\",\"target\":{\"@type\":\"EntryPoint\",\"urlTemplate\":\"https:\/\/westbau.it\/?s={search_term_string}\"},\"query-input\":{\"@type\":\"PropertyValueSpecification\",\"valueRequired\":true,\"valueName\":\"search_term_string\"}}],\"inLanguage\":\"it-IT\"},{\"@type\":\"Organization\",\"@id\":\"https:\/\/westbau.it\/#organization\",\"name\":\"WESTBAU\",\"url\":\"https:\/\/westbau.it\/\",\"logo\":{\"@type\":\"ImageObject\",\"inLanguage\":\"it-IT\",\"@id\":\"https:\/\/westbau.it\/#\/schema\/logo\/image\/\",\"url\":\"https:\/\/westbau.it\/wp-content\/uploads\/2024\/02\/logo-scaled.jpg\",\"contentUrl\":\"https:\/\/westbau.it\/wp-content\/uploads\/2024\/02\/logo-scaled.jpg\",\"width\":2560,\"height\":643,\"caption\":\"WESTBAU\"},\"image\":{\"@id\":\"https:\/\/westbau.it\/#\/schema\/logo\/image\/\"}}]}<\/script>\n<!-- \/ Yoast SEO plugin. -->","yoast_head_json":{"title":"IMPRESSUM - WESTBAU","robots":{"index":"index","follow":"follow","max-snippet":"max-snippet:-1","max-image-preview":"max-image-preview:large","max-video-preview":"max-video-preview:-1"},"canonical":"https:\/\/westbau.it\/it\/impressum\/","og_locale":"it_IT","og_type":"article","og_title":"IMPRESSUM - WESTBAU","og_description":"Impressum Verantwortlich f\u00fcr den Inhalt WESTBAU GmbHauf der Station Nr. 16,39010 St. Pankraz (BZ)Steuer- und Eintragungsnummer im Handelsregister Bozen: 02395680214 info@westbau.it Programmierung der InternetseiteiFLAIM &#8211; info@iflaim.com Alle Informationen und Erkl\u00e4rungen dieser Internetseiten sind unverbindlich. Die Westbau GmbH \u00fcbernimmt f\u00fcr die Richtigkeit und Vollst\u00e4ndigkeit der Inhalte keine Gew\u00e4hr. Es wird keine Garantie \u00fcbernommen und keine Zusicherung [&hellip;]","og_url":"https:\/\/westbau.it\/it\/impressum\/","og_site_name":"WESTBAU","article_modified_time":"2024-02-21T12:11:58+00:00","og_image":[{"width":3366,"height":845,"url":"https:\/\/westbau.it\/wp-content\/uploads\/2024\/02\/WESTBAU-Logo.png","type":"image\/png"}],"twitter_card":"summary_large_image","twitter_misc":{"Tempo di lettura stimato":"1 minuto"},"schema":{"@context":"https:\/\/schema.org","@graph":[{"@type":"WebPage","@id":"https:\/\/westbau.it\/impressum\/","url":"https:\/\/westbau.it\/impressum\/","name":"IMPRESSUM - WESTBAU","isPartOf":{"@id":"https:\/\/westbau.it\/#website"},"datePublished":"2024-02-21T12:10:15+00:00","dateModified":"2024-02-21T12:11:58+00:00","breadcrumb":{"@id":"https:\/\/westbau.it\/impressum\/#breadcrumb"},"inLanguage":"it-IT","potentialAction":[{"@type":"ReadAction","target":["https:\/\/westbau.it\/impressum\/"]}]},{"@type":"BreadcrumbList","@id":"https:\/\/westbau.it\/impressum\/#breadcrumb","itemListElement":[{"@type":"ListItem","position":1,"name":"Startseite","item":"https:\/\/westbau.it\/"},{"@type":"ListItem","position":2,"name":"IMPRESSUM"}]},{"@type":"WebSite","@id":"https:\/\/westbau.it\/#website","url":"https:\/\/westbau.it\/","name":"WESTBAU","description":"WOHNTR\u00c4UME IM ALPENRAUM","publisher":{"@id":"https:\/\/westbau.it\/#organization"},"potentialAction":[{"@type":"SearchAction","target":{"@type":"EntryPoint","urlTemplate":"https:\/\/westbau.it\/?s={search_term_string}"},"query-input":{"@type":"PropertyValueSpecification","valueRequired":true,"valueName":"search_term_string"}}],"inLanguage":"it-IT"},{"@type":"Organization","@id":"https:\/\/westbau.it\/#organization","name":"WESTBAU","url":"https:\/\/westbau.it\/","logo":{"@type":"ImageObject","inLanguage":"it-IT","@id":"https:\/\/westbau.it\/#\/schema\/logo\/image\/","url":"https:\/\/westbau.it\/wp-content\/uploads\/2024\/02\/logo-scaled.jpg","contentUrl":"https:\/\/westbau.it\/wp-content\/uploads\/2024\/02\/logo-scaled.jpg","width":2560,"height":643,"caption":"WESTBAU"},"image":{"@id":"https:\/\/westbau.it\/#\/schema\/logo\/image\/"}}]}},"_links":{"self":[{"href":"https:\/\/westbau.it\/it\/wp-json\/wp\/v2\/pages\/1230","targetHints":{"allow":["GET"]}}],"collection":[{"href":"https:\/\/westbau.it\/it\/wp-json\/wp\/v2\/pages"}],"about":[{"href":"https:\/\/westbau.it\/it\/wp-json\/wp\/v2\/types\/page"}],"author":[{"embeddable":true,"href":"https:\/\/westbau.it\/it\/wp-json\/wp\/v2\/users\/1"}],"replies":[{"embeddable":true,"href":"https:\/\/westbau.it\/it\/wp-json\/wp\/v2\/comments?post=1230"}],"version-history":[{"count":10,"href":"https:\/\/westbau.it\/it\/wp-json\/wp\/v2\/pages\/1230\/revisions"}],"predecessor-version":[{"id":1240,"href":"https:\/\/westbau.it\/it\/wp-json\/wp\/v2\/pages\/1230\/revisions\/1240"}],"wp:attachment":[{"href":"https:\/\/westbau.it\/it\/wp-json\/wp\/v2\/media?parent=1230"}],"curies":[{"name":"wp","href":"https:\/\/api.w.org\/{rel}","templated":true}]}}