{"id":1200,"date":"2024-02-21T12:03:25","date_gmt":"2024-02-21T12:03:25","guid":{"rendered":"https:\/\/westbau.it\/?page_id=1200"},"modified":"2024-02-21T12:08:49","modified_gmt":"2024-02-21T12:08:49","slug":"datenschutzerklarung","status":"publish","type":"page","link":"https:\/\/westbau.it\/it\/datenschutzerklarung\/","title":{"rendered":"DATENSCHUTZERKL\u00c4RUNG"},"content":{"rendered":"<div data-elementor-type=\"wp-page\" data-elementor-id=\"1200\" class=\"elementor elementor-1200\" data-elementor-post-type=\"page\">\n\t\t\t\t\t\t<section class=\"elementor-section elementor-top-section elementor-element elementor-element-228162ef elementor-section-content-middle elementor-section-boxed elementor-section-height-default elementor-section-height-default\" data-id=\"228162ef\" data-element_type=\"section\" data-settings=\"{&quot;background_background&quot;:&quot;classic&quot;}\">\n\t\t\t\t\t\t<div class=\"elementor-container elementor-column-gap-default\">\n\t\t\t\t\t<div class=\"elementor-column elementor-col-100 elementor-top-column elementor-element elementor-element-2ebf2da9\" data-id=\"2ebf2da9\" data-element_type=\"column\">\n\t\t\t<div class=\"elementor-widget-wrap elementor-element-populated\">\n\t\t\t\t\t\t<div class=\"elementor-element elementor-element-7ec9e24 elementor-widget elementor-widget-heading\" data-id=\"7ec9e24\" data-element_type=\"widget\" data-widget_type=\"heading.default\">\n\t\t\t\t<div class=\"elementor-widget-container\">\n\t\t\t<style>\/*! elementor - v3.21.0 - 26-05-2024 *\/\n.elementor-heading-title{padding:0;margin:0;line-height:1}.elementor-widget-heading .elementor-heading-title[class*=elementor-size-]>a{color:inherit;font-size:inherit;line-height:inherit}.elementor-widget-heading .elementor-heading-title.elementor-size-small{font-size:15px}.elementor-widget-heading .elementor-heading-title.elementor-size-medium{font-size:19px}.elementor-widget-heading .elementor-heading-title.elementor-size-large{font-size:29px}.elementor-widget-heading .elementor-heading-title.elementor-size-xl{font-size:39px}.elementor-widget-heading .elementor-heading-title.elementor-size-xxl{font-size:59px}<\/style><h2 class=\"elementor-heading-title elementor-size-default\">INFORMATIVA SULLA PRIVACY<\/h2>\t\t<\/div>\n\t\t\t\t<\/div>\n\t\t\t\t<div class=\"elementor-element elementor-element-8aec1bc elementor-widget elementor-widget-heading\" data-id=\"8aec1bc\" data-element_type=\"widget\" data-widget_type=\"heading.default\">\n\t\t\t\t<div class=\"elementor-widget-container\">\n\t\t\t<h2 class=\"elementor-heading-title elementor-size-default\">Allgemeiner Hinweis und Pflichtinformationen<\/h2>\t\t<\/div>\n\t\t\t\t<\/div>\n\t\t\t\t<div class=\"elementor-element elementor-element-4b981b18 elementor-widget elementor-widget-text-editor\" data-id=\"4b981b18\" data-element_type=\"widget\" data-widget_type=\"text-editor.default\">\n\t\t\t\t<div class=\"elementor-widget-container\">\n\t\t\t<style>\/*! elementor - v3.21.0 - 26-05-2024 *\/\n.elementor-widget-text-editor.elementor-drop-cap-view-stacked .elementor-drop-cap{background-color:#69727d;color:#fff}.elementor-widget-text-editor.elementor-drop-cap-view-framed .elementor-drop-cap{color:#69727d;border:3px solid;background-color:transparent}.elementor-widget-text-editor:not(.elementor-drop-cap-view-default) .elementor-drop-cap{margin-top:8px}.elementor-widget-text-editor:not(.elementor-drop-cap-view-default) .elementor-drop-cap-letter{width:1em;height:1em}.elementor-widget-text-editor .elementor-drop-cap{float:left;text-align:center;line-height:1;font-size:50px}.elementor-widget-text-editor .elementor-drop-cap-letter{display:inline-block}<\/style>\t\t\t\t<h3>Benennung der verantwortlichen Stelle<\/h3>\nDie verantwortliche Stelle f\u00fcr die Datenverarbeitung auf dieser Website ist:\n\n<span id=\"s3-t-firma\">Westbau GmbH<\/span>\n<span id=\"s3-t-ansprechpartner\">Westbau Gmbh<\/span>\n<span id=\"s3-t-strasse\">auf\nder Station Nr. 16<\/span>\n<span id=\"s3-t-plz\">39010<\/span> <span id=\"s3-t-ort\">St. Pankraz (BZ)<\/span>\n\nDie verantwortliche Stelle entscheidet allein oder gemeinsam mit anderen \u00fcber die Zwecke und Mittel der Verarbeitung von\npersonenbezogenen Daten (z.B. Namen, Kontaktdaten o. \u00c4.).\n<h3>Widerruf Ihrer Einwilligung zur Datenverarbeitung<\/h3>\nNur mit Ihrer ausdr\u00fccklichen Einwilligung sind einige Vorg\u00e4nge der Datenverarbeitung m\u00f6glich. Ein Widerruf Ihrer bereits erteilten\nEinwilligung ist jederzeit m\u00f6glich. F\u00fcr den Widerruf gen\u00fcgt eine formlose Mitteilung per E-Mail. Die Rechtm\u00e4\u00dfigkeit der bis zum Widerruf\nerfolgten Datenverarbeitung bleibt vom Widerruf unber\u00fchrt.\n<h3>Recht auf Beschwerde bei der zust\u00e4ndigen Aufsichtsbeh\u00f6rde<\/h3>\nAls Betroffener steht Ihnen im Falle eines datenschutzrechtlichen Versto\u00dfes ein Beschwerderecht bei der zust\u00e4ndigen Aufsichtsbeh\u00f6rde zu.\nZust\u00e4ndige Aufsichtsbeh\u00f6rde bez\u00fcglich datenschutzrechtlicher Fragen ist der Landesdatenschutzbeauftragte des Bundeslandes, in dem sich der\nSitz unseres Unternehmens befindet. Der folgende Link stellt eine Liste der Datenschutzbeauftragten sowie deren Kontaktdaten bereit: <a href=\"https:\/\/www.bfdi.bund.de\/DE\/Infothek\/Anschriften_Links\/anschriften_links-node.html\" target=\"_blank\" rel=\"noopener\">https:\/\/www.bfdi.bund.de\/DE\/Infothek\/Anschriften_Links\/anschriften_links-node.html<\/a>.\n<h3>Recht auf Daten\u00fcbertragbarkeit<\/h3>\nIhnen steht das Recht zu, Daten, die wir auf Grundlage Ihrer Einwilligung oder in Erf\u00fcllung eines Vertrags automatisiert verarbeiten, an sich\noder an Dritte aush\u00e4ndigen zu lassen. Die Bereitstellung erfolgt in einem maschinenlesbaren Format. Sofern Sie die direkte \u00dcbertragung der\nDaten an einen anderen Verantwortlichen verlangen, erfolgt dies nur, soweit es technisch machbar ist.\n<h3>Recht auf Auskunft, Berichtigung, Sperrung, L\u00f6schung<\/h3>\nSie haben jederzeit im Rahmen der geltenden gesetzlichen Bestimmungen das Recht auf unentgeltliche Auskunft \u00fcber Ihre gespeicherten\npersonenbezogenen Daten, Herkunft der Daten, deren Empf\u00e4nger und den Zweck der Datenverarbeitung und ggf. ein Recht auf Berichtigung,\nSperrung oder L\u00f6schung dieser Daten. Diesbez\u00fcglich und auch zu weiteren Fragen zum Thema personenbezogene Daten k\u00f6nnen Sie sich\njederzeit \u00fcber die im Impressum aufgef\u00fchrten Kontaktm\u00f6glichkeiten an uns wenden.\n<h3>SSL- bzw. TLS-Verschl\u00fcsselung<\/h3>\nAus Sicherheitsgr\u00fcnden und zum Schutz der \u00dcbertragung vertraulicher Inhalte, die Sie an uns als Seitenbetreiber senden, nutzt unsere\nWebsite eine SSL-bzw. TLS-Verschl\u00fcsselung. Damit sind Daten, die Sie \u00fcber diese Website \u00fcbermitteln, f\u00fcr Dritte nicht mitlesbar. Sie erkennen\neine verschl\u00fcsselte Verbindung an der \u201ehttps:\/\/\u201c Adresszeile Ihres Browsers und am Schloss-Symbol in der Browserzeile.\n<h2>Datenschutzbeauftragter<\/h2>\nWir haben einen Datenschutzbeauftragten bestellt.\n\nVorname, Name\nStra\u00dfe\n12345 Musterstadt\n\nTelefon: 01234-56789\nE-Mail: dsb-e-mail-adresse@ihr-unternehmen.abc\n<h2>Server-Log-Dateien<\/h2>\nIn Server-Log-Dateien erhebt und speichert der Provider der Website automatisch Informationen, die Ihr Browser automatisch an uns\n\u00fcbermittelt. Dies sind:\n<ul>\n \t<li>Besuchte Seite auf unserer Domain<\/li>\n \t<li>Datum und Uhrzeit der Serveranfrage<\/li>\n \t<li>Browsertyp und Browserversion<\/li>\n \t<li>Verwendetes Betriebssystem<\/li>\n \t<li>Referrer URL<\/li>\n \t<li>Hostname des zugreifenden Rechners<\/li>\n \t<li>IP-Adresse<\/li>\n<\/ul>\nEs findet keine Zusammenf\u00fchrung dieser Daten mit anderen Datenquellen statt. Grundlage der Datenverarbeitung bildet Art. 6 Abs. 1 lit. b\nDSGVO, der die Verarbeitung von Daten zur Erf\u00fcllung eines Vertrags oder vorvertraglicher Ma\u00dfnahmen gestattet.\n<h2>Kontaktformular<\/h2>\nPer Kontaktformular \u00fcbermittelte Daten werden einschlie\u00dflich Ihrer Kontaktdaten gespeichert,\num Ihre Anfrage bearbeiten zu k\u00f6nnen oder um f\u00fcr Anschlussfragen bereitzustehen. Eine\nWeitergabe dieser Daten findet ohne Ihre Einwilligung nicht statt.\n\nDie Verarbeitung der in das Kontaktformular eingegebenen Daten erfolgt ausschlie\u00dflich auf\nGrundlage Ihrer Einwilligung (Art. 6 Abs. 1 lit. a DSGVO). Ein Widerruf Ihrer bereits erteilten\nEinwilligung ist jederzeit m\u00f6glich. F\u00fcr den Widerruf gen\u00fcgt eine formlose Mitteilung per E-Mail. Die\nRechtm\u00e4\u00dfigkeit der bis zum Widerruf erfolgten Datenverarbeitungsvorg\u00e4nge bleibt vom Widerruf\nunber\u00fchrt.\n\n\u00dcber das Kontaktformular \u00fcbermittelte Daten verbleiben bei uns, bis Sie uns zur L\u00f6schung\nauffordern, Ihre Einwilligung zur Speicherung widerrufen oder keine Notwendigkeit der\nDatenspeicherung mehr besteht. Zwingende gesetzliche Bestimmungen &#8211; insbesondere\nAufbewahrungsfristen &#8211; bleiben unber\u00fchrt.\n<h2>Newsletter-Daten<\/h2>\nZum Versenden unseres Newsletters ben\u00f6tigen wir von Ihnen eine E-Mail-Adresse. Eine\nVerifizierung der angegebenen E-Mail-Adresse ist notwendig und der Empfang des Newsletters ist\neinzuwilligen. Erg\u00e4nzende Daten werden nicht erhoben oder sind freiwillig. Die Verwendung der\nDaten erfolgt ausschlie\u00dflich f\u00fcr den Versand des Newsletters.\n\nDie bei der Newsletteranmeldung gemachten Daten werden ausschlie\u00dflich auf Grundlage Ihrer\nEinwilligung (Art. 6 Abs. 1 lit. a DSGVO) verarbeitet. Ein Widerruf Ihrer bereits erteilten Einwilligung ist\njederzeit m\u00f6glich. F\u00fcr den Widerruf gen\u00fcgt eine formlose Mitteilung per E-Mail oder Sie melden sich\n\u00fcber den &#8222;Austragen&#8220;-Link im Newsletter ab. Die Rechtm\u00e4\u00dfigkeit der bereits erfolgten\nDatenverarbeitungsvorg\u00e4nge bleibt vom Widerruf unber\u00fchrt.\n\nZur Einrichtung des Abonnements eingegebene Daten werden im Falle der Abmeldung gel\u00f6scht.\nSollten diese Daten f\u00fcr andere Zwecke und an anderer Stelle an uns \u00fcbermittelt worden sein,\nverbleiben diese weiterhin bei uns.\n<h2>Cookies<\/h2>\nUnsere Website verwendet Cookies. Das sind kleine Textdateien, die Ihr Webbrowser auf Ihrem\nEndger\u00e4t speichert. Cookies helfen uns dabei, unser Angebot nutzerfreundlicher, effektiver und\nsicherer zu machen.\n\nEinige Cookies sind \u201cSession-Cookies.\u201d Solche Cookies werden nach Ende Ihrer Browser-Sitzung\nvon selbst gel\u00f6scht. Hingegen bleiben andere Cookies auf Ihrem Endger\u00e4t bestehen, bis Sie diese\nselbst l\u00f6schen. Solche Cookies helfen uns, Sie bei R\u00fcckkehr auf unserer Website wiederzuerkennen.\n\nMit einem modernen Webbrowser k\u00f6nnen Sie das Setzen von Cookies \u00fcberwachen,\neinschr\u00e4nken oder unterbinden. Viele Webbrowser lassen sich so konfigurieren, dass Cookies mit\ndem Schlie\u00dfen des Programms von selbst gel\u00f6scht werden. Die Deaktivierung von Cookies kann eine\neingeschr\u00e4nkte Funktionalit\u00e4t unserer Website zur Folge haben.\n\nDas Setzen von Cookies, die zur Aus\u00fcbung elektronischer Kommunikationsvorg\u00e4nge oder der\nBereitstellung bestimmter, von Ihnen erw\u00fcnschter Funktionen (z.B. Warenkorb) notwendig sind,\nerfolgt auf Grundlage von Art. 6 Abs. 1 lit. f DSGVO. Als Betreiber dieser Website haben wir ein\nberechtigtes Interesse an der Speicherung von Cookies zur technisch fehlerfreien und reibungslosen\nBereitstellung unserer Dienste. Sofern die Setzung anderer Cookies (z.B. f\u00fcr Analyse-Funktionen)\nerfolgt, werden diese in dieser Datenschutzerkl\u00e4rung separat behandelt.\n<h2>YouTube Videos<\/h2>\n<h3>Art und Umfang der Verarbeitung<\/h3>\nWir haben auf unserer Website YouTube Video integriert. YouTube Video ist eine Komponente der\nVideoplattform der YouTube, LLC, auf der Nutzer Inhalte hochladen, \u00fcber das Internet teilen und\ndetaillierte Statistiken erhalten k\u00f6nnen. YouTube Video erm\u00f6glicht es uns, Inhalte der Plattform in\nunsere Website zu integrieren.\n\nYouTube Video nutzt Cookies und weitere Browser-Technologien um Nutzerverhalten\nauszuwerten, Nutzer wiederzuerkennen und Nutzerprofile zu erstellen. Diese Informationen werden\nunter anderem genutzt, um die Aktivit\u00e4t der angeh\u00f6rten Inhalte zu analysieren und Berichte zu\nerstellen. Wenn ein Nutzer bei YouTube, LLC registriert ist, kann YouTube Video die abgespielten\nVideos dem Profil zuordnen.\n\nWenn Sie auf diese Inhalte zugreifen, stellen Sie eine Verbindung zu Servern der YouTube, LLC,\nGoogle Ireland Limited, Gordon House, Barrow Street Dublin 4 Irland her, wobei Ihre IP-Adresse und\nggf. Browserdaten wie Ihr User-Agent \u00fcbermittelt werden.\n<h3>Zweck und Rechtsgrundlage<\/h3>\nDie Nutzung des Dienstes erfolgt auf Grundlage Ihrer Einwilligung gem\u00e4\u00df Art. 6 Abs. 1 lit. a. DSGVO\nund \u00a7 25 Abs. 1 TTDSG.\n\nWir beabsichtigen personenbezogenen Daten an Drittl\u00e4nder au\u00dferhalb des Europ\u00e4ischen\nWirtschaftsraums, insbesondere die USA, zu \u00fcbermitteln. In F\u00e4llen, in denen kein\nAngemessenheitsbeschluss der Europ\u00e4ischen Kommission existiert (z.B. in den USA) haben wir mit den\nEmpf\u00e4ngern der Daten anderweitige geeignete Garantien im Sinne der Art. 44 ff. DSGVO vereinbart.\nDies sind \u2013 sofern nicht anders angegeben \u2013 Standardvertragsklauseln der EU-Kommission gem\u00e4\u00df\nDurchf\u00fchrungsbeschluss (EU) 2021\/914 vom 4. Juni 2021. Eine Kopie dieser Standardvertragsklauseln\nk\u00f6nnen Sie unter <a href=\"https:\/\/eur-lex.europa.eu\/legal-content\/DE\/TXT\/HTML\/? uri=CELEX:32021D0914&amp;from=DE\">https:\/\/eur-lex.europa.eu\/legal-content\/DE\/TXT\/HTML\/?\nuri=CELEX:32021D0914&amp;from=DE<\/a> einsehen.\n\nZudem holen wir vor einem solchen Drittlandtransfer Ihre Einwilligung nach Art. 49 Abs. 1 Satz 1 lit.\na. DSGVO ein, die Sie \u00fcber die Einwilligung im Consent Manager (oder sonstigen Formularen,\nRegistrierungen etc.) erteilen. Wir weisen Sie darauf hin, dass bei Drittland\u00fcbermittlungen im Detail\nunbekannte Risiken (z.B. die Datenverarbeitung durch Sicherheitsbeh\u00f6rden des Drittlandes, deren\ngenauer Umfang und deren Folgen f\u00fcr Sie wir nicht kennen, auf die wir keinen Einfluss haben und von\ndenen Sie unter Umst\u00e4nden keine Kenntnis erlangen) bestehen k\u00f6nnen.\n<h3>Speicherdauer<\/h3>\nDie konkrete Speicherdauer der verarbeiteten Daten ist nicht durch uns beeinflussbar, sondern\nwird von YouTube, LLC bestimmt. Weitere Hinweise finden Sie in der Datenschutzerkl\u00e4rung f\u00fcr\nYouTube Video: <a href=\"https:\/\/policies.google.com\/privacy\">https:\/\/policies.google.com\/privacy<\/a>.\n<h2>Google Maps<\/h2>\n<h3>Art und Umfang der Verarbeitung<\/h3>\nWir verwenden zur Erstellung von Anfahrtsbeschreibungen den Kartendienst Google\nMaps. Google Maps ist ein Dienst der Google Ireland Limited, welcher auf unserer Website\neine Karte darstellt. Wenn Sie auf diese Inhalte unserer Website zugreifen, stellen Sie eine\nVerbindung zu Servern der Google Ireland Limited, Gordon House, Barrow Street, Dublin 4,\nIrland her, wobei Ihre IP-Adresse und ggf. Browserdaten wie Ihr User-Agent \u00fcbermittelt\nwerden. Diese Daten werden ausschlie\u00dflich zu den oben genannten Zwecken und zur\nAufrechterhaltung der Sicherheit und Funktionalit\u00e4t von Google Maps verarbeitet.\n<h3>Zweck und Rechtsgrundlage<\/h3>\nDer Einsatz von Google Maps erfolgt auf Grundlage Ihrer Einwilligung gem\u00e4\u00df Art. 6 Abs. 1\nlit. a. DSGVO und \u00a7 25 Abs. 1 TTDSG.\n\nWir beabsichtigen personenbezogenen Daten an Drittl\u00e4nder au\u00dferhalb des Europ\u00e4ischen\nWirtschaftsraums, insbesondere die USA, zu \u00fcbermitteln. In F\u00e4llen, in denen kein\nAngemessenheitsbeschluss der Europ\u00e4ischen Kommission existiert (z.B. in den USA) haben wir\nmit den Empf\u00e4ngern der Daten anderweitige geeignete Garantien im Sinne der Art. 44 ff.\nDSGVO vereinbart. Dies sind \u2013 sofern nicht anders angegeben \u2013 Standardvertragsklauseln der\nEU-Kommission gem\u00e4\u00df Durchf\u00fchrungsbeschluss (EU) 2021\/914 vom 4. Juni 2021. Eine Kopie\ndieser Standardvertragsklauseln k\u00f6nnen Sie unter <a href=\"https:\/\/eur-lex.europa.eu\/legalcontent\/DE\/TXT\/HTML\/?uri=CELEX:32021D0914&amp;from=DE\">https:\/\/eur-lex.europa.eu\/legalcontent\/DE\/TXT\/HTML\/?uri=CELEX:32021D0914&amp;from=DE<\/a> einsehen.\n\nZudem holen wir vor einem solchen Drittlandtransfer Ihre Einwilligung nach Art. 49 Abs. 1\nSatz 1 lit. a. DSGVO ein, die Sie \u00fcber die Einwilligung im Consent Manager (oder sonstigen\nFormularen, Registrierungen etc.) erteilen. Wir weisen Sie darauf hin, dass bei\nDrittland\u00fcbermittlungen im Detail unbekannte Risiken (z.B. die Datenverarbeitung durch\nSicherheitsbeh\u00f6rden des Drittlandes, deren genauer Umfang und deren Folgen f\u00fcr Sie wir\nnicht kennen, auf die wir keinen Einfluss haben und von denen Sie unter Umst\u00e4nden keine\nKenntnis erlangen) bestehen k\u00f6nnen.\n<h3>Speicherdauer<\/h3>\nDie konkrete Speicherdauer der verarbeiteten Daten ist nicht durch uns beeinflussbar,\nsondern wird von Google Ireland Limited bestimmt. Weitere Hinweise finden Sie in der\nDatenschutzerkl\u00e4rung f\u00fcr Google Maps: <a href=\"https:\/\/policies.google.com\/privacy\">https:\/\/policies.google.com\/privacy<\/a>.\n\n<small>Quelle: Datenschutz-Konfigurator von <a href=\"https:\/\/www.meindatenschutzbeauftragter.de\" target=\"_blank\" rel=\"noopener\">Mein-Datenschutzbeauftragter.de<\/a><\/small>\t\t\t\t\t\t<\/div>\n\t\t\t\t<\/div>\n\t\t\t\t\t<\/div>\n\t\t<\/div>\n\t\t\t\t\t<\/div>\n\t\t<\/section>\n\t\t\t\t<\/div>","protected":false},"excerpt":{"rendered":"<p>Datenschutzerkl\u00e4rung Allgemeiner Hinweis und Pflichtinformationen Benennung der verantwortlichen Stelle Die verantwortliche Stelle f\u00fcr die Datenverarbeitung auf dieser Website ist: Westbau GmbH Westbau Gmbh auf der Station Nr. 16 39010 St. Pankraz (BZ) Die verantwortliche Stelle entscheidet allein oder gemeinsam mit anderen \u00fcber die Zwecke und Mittel der Verarbeitung von personenbezogenen Daten (z.B. Namen, Kontaktdaten o. [&hellip;]<\/p>","protected":false},"author":1,"featured_media":0,"parent":0,"menu_order":0,"comment_status":"closed","ping_status":"closed","template":"elementor_header_footer","meta":{"footnotes":""},"class_list":["post-1200","page","type-page","status-publish","hentry"],"yoast_head":"<!-- This site is optimized with the Yoast SEO plugin v23.5 - https:\/\/yoast.com\/wordpress\/plugins\/seo\/ -->\n<title>DATENSCHUTZERKL\u00c4RUNG - WESTBAU<\/title>\n<meta name=\"robots\" content=\"index, follow, max-snippet:-1, max-image-preview:large, max-video-preview:-1\" \/>\n<link rel=\"canonical\" href=\"https:\/\/westbau.it\/it\/datenschutzerklarung\/\" \/>\n<meta property=\"og:locale\" content=\"it_IT\" \/>\n<meta property=\"og:type\" content=\"article\" \/>\n<meta property=\"og:title\" content=\"DATENSCHUTZERKL\u00c4RUNG - WESTBAU\" \/>\n<meta property=\"og:description\" content=\"Datenschutzerkl\u00e4rung Allgemeiner Hinweis und Pflichtinformationen Benennung der verantwortlichen Stelle Die verantwortliche Stelle f\u00fcr die Datenverarbeitung auf dieser Website ist: Westbau GmbH Westbau Gmbh auf der Station Nr. 16 39010 St. Pankraz (BZ) Die verantwortliche Stelle entscheidet allein oder gemeinsam mit anderen \u00fcber die Zwecke und Mittel der Verarbeitung von personenbezogenen Daten (z.B. Namen, Kontaktdaten o. [&hellip;]\" \/>\n<meta property=\"og:url\" content=\"https:\/\/westbau.it\/it\/datenschutzerklarung\/\" \/>\n<meta property=\"og:site_name\" content=\"WESTBAU\" \/>\n<meta property=\"article:modified_time\" content=\"2024-02-21T12:08:49+00:00\" \/>\n<meta property=\"og:image\" content=\"https:\/\/westbau.it\/wp-content\/uploads\/2024\/02\/WESTBAU-Logo.png\" \/>\n\t<meta property=\"og:image:width\" content=\"3366\" \/>\n\t<meta property=\"og:image:height\" content=\"845\" \/>\n\t<meta property=\"og:image:type\" content=\"image\/png\" \/>\n<meta name=\"twitter:card\" content=\"summary_large_image\" \/>\n<meta name=\"twitter:label1\" content=\"Tempo di lettura stimato\" \/>\n\t<meta name=\"twitter:data1\" content=\"8 minuti\" \/>\n<script type=\"application\/ld+json\" class=\"yoast-schema-graph\">{\"@context\":\"https:\/\/schema.org\",\"@graph\":[{\"@type\":\"WebPage\",\"@id\":\"https:\/\/westbau.it\/datenschutzerklarung\/\",\"url\":\"https:\/\/westbau.it\/datenschutzerklarung\/\",\"name\":\"DATENSCHUTZERKL\u00c4RUNG - WESTBAU\",\"isPartOf\":{\"@id\":\"https:\/\/westbau.it\/#website\"},\"datePublished\":\"2024-02-21T12:03:25+00:00\",\"dateModified\":\"2024-02-21T12:08:49+00:00\",\"breadcrumb\":{\"@id\":\"https:\/\/westbau.it\/datenschutzerklarung\/#breadcrumb\"},\"inLanguage\":\"it-IT\",\"potentialAction\":[{\"@type\":\"ReadAction\",\"target\":[\"https:\/\/westbau.it\/datenschutzerklarung\/\"]}]},{\"@type\":\"BreadcrumbList\",\"@id\":\"https:\/\/westbau.it\/datenschutzerklarung\/#breadcrumb\",\"itemListElement\":[{\"@type\":\"ListItem\",\"position\":1,\"name\":\"Startseite\",\"item\":\"https:\/\/westbau.it\/\"},{\"@type\":\"ListItem\",\"position\":2,\"name\":\"DATENSCHUTZERKL\u00c4RUNG\"}]},{\"@type\":\"WebSite\",\"@id\":\"https:\/\/westbau.it\/#website\",\"url\":\"https:\/\/westbau.it\/\",\"name\":\"WESTBAU\",\"description\":\"WOHNTR\u00c4UME IM ALPENRAUM\",\"publisher\":{\"@id\":\"https:\/\/westbau.it\/#organization\"},\"potentialAction\":[{\"@type\":\"SearchAction\",\"target\":{\"@type\":\"EntryPoint\",\"urlTemplate\":\"https:\/\/westbau.it\/?s={search_term_string}\"},\"query-input\":{\"@type\":\"PropertyValueSpecification\",\"valueRequired\":true,\"valueName\":\"search_term_string\"}}],\"inLanguage\":\"it-IT\"},{\"@type\":\"Organization\",\"@id\":\"https:\/\/westbau.it\/#organization\",\"name\":\"WESTBAU\",\"url\":\"https:\/\/westbau.it\/\",\"logo\":{\"@type\":\"ImageObject\",\"inLanguage\":\"it-IT\",\"@id\":\"https:\/\/westbau.it\/#\/schema\/logo\/image\/\",\"url\":\"https:\/\/westbau.it\/wp-content\/uploads\/2024\/02\/logo-scaled.jpg\",\"contentUrl\":\"https:\/\/westbau.it\/wp-content\/uploads\/2024\/02\/logo-scaled.jpg\",\"width\":2560,\"height\":643,\"caption\":\"WESTBAU\"},\"image\":{\"@id\":\"https:\/\/westbau.it\/#\/schema\/logo\/image\/\"}}]}<\/script>\n<!-- \/ Yoast SEO plugin. -->","yoast_head_json":{"title":"DATENSCHUTZERKL\u00c4RUNG - WESTBAU","robots":{"index":"index","follow":"follow","max-snippet":"max-snippet:-1","max-image-preview":"max-image-preview:large","max-video-preview":"max-video-preview:-1"},"canonical":"https:\/\/westbau.it\/it\/datenschutzerklarung\/","og_locale":"it_IT","og_type":"article","og_title":"DATENSCHUTZERKL\u00c4RUNG - WESTBAU","og_description":"Datenschutzerkl\u00e4rung Allgemeiner Hinweis und Pflichtinformationen Benennung der verantwortlichen Stelle Die verantwortliche Stelle f\u00fcr die Datenverarbeitung auf dieser Website ist: Westbau GmbH Westbau Gmbh auf der Station Nr. 16 39010 St. Pankraz (BZ) Die verantwortliche Stelle entscheidet allein oder gemeinsam mit anderen \u00fcber die Zwecke und Mittel der Verarbeitung von personenbezogenen Daten (z.B. Namen, Kontaktdaten o. [&hellip;]","og_url":"https:\/\/westbau.it\/it\/datenschutzerklarung\/","og_site_name":"WESTBAU","article_modified_time":"2024-02-21T12:08:49+00:00","og_image":[{"width":3366,"height":845,"url":"https:\/\/westbau.it\/wp-content\/uploads\/2024\/02\/WESTBAU-Logo.png","type":"image\/png"}],"twitter_card":"summary_large_image","twitter_misc":{"Tempo di lettura stimato":"8 minuti"},"schema":{"@context":"https:\/\/schema.org","@graph":[{"@type":"WebPage","@id":"https:\/\/westbau.it\/datenschutzerklarung\/","url":"https:\/\/westbau.it\/datenschutzerklarung\/","name":"DATENSCHUTZERKL\u00c4RUNG - WESTBAU","isPartOf":{"@id":"https:\/\/westbau.it\/#website"},"datePublished":"2024-02-21T12:03:25+00:00","dateModified":"2024-02-21T12:08:49+00:00","breadcrumb":{"@id":"https:\/\/westbau.it\/datenschutzerklarung\/#breadcrumb"},"inLanguage":"it-IT","potentialAction":[{"@type":"ReadAction","target":["https:\/\/westbau.it\/datenschutzerklarung\/"]}]},{"@type":"BreadcrumbList","@id":"https:\/\/westbau.it\/datenschutzerklarung\/#breadcrumb","itemListElement":[{"@type":"ListItem","position":1,"name":"Startseite","item":"https:\/\/westbau.it\/"},{"@type":"ListItem","position":2,"name":"DATENSCHUTZERKL\u00c4RUNG"}]},{"@type":"WebSite","@id":"https:\/\/westbau.it\/#website","url":"https:\/\/westbau.it\/","name":"WESTBAU","description":"WOHNTR\u00c4UME IM ALPENRAUM","publisher":{"@id":"https:\/\/westbau.it\/#organization"},"potentialAction":[{"@type":"SearchAction","target":{"@type":"EntryPoint","urlTemplate":"https:\/\/westbau.it\/?s={search_term_string}"},"query-input":{"@type":"PropertyValueSpecification","valueRequired":true,"valueName":"search_term_string"}}],"inLanguage":"it-IT"},{"@type":"Organization","@id":"https:\/\/westbau.it\/#organization","name":"WESTBAU","url":"https:\/\/westbau.it\/","logo":{"@type":"ImageObject","inLanguage":"it-IT","@id":"https:\/\/westbau.it\/#\/schema\/logo\/image\/","url":"https:\/\/westbau.it\/wp-content\/uploads\/2024\/02\/logo-scaled.jpg","contentUrl":"https:\/\/westbau.it\/wp-content\/uploads\/2024\/02\/logo-scaled.jpg","width":2560,"height":643,"caption":"WESTBAU"},"image":{"@id":"https:\/\/westbau.it\/#\/schema\/logo\/image\/"}}]}},"_links":{"self":[{"href":"https:\/\/westbau.it\/it\/wp-json\/wp\/v2\/pages\/1200","targetHints":{"allow":["GET"]}}],"collection":[{"href":"https:\/\/westbau.it\/it\/wp-json\/wp\/v2\/pages"}],"about":[{"href":"https:\/\/westbau.it\/it\/wp-json\/wp\/v2\/types\/page"}],"author":[{"embeddable":true,"href":"https:\/\/westbau.it\/it\/wp-json\/wp\/v2\/users\/1"}],"replies":[{"embeddable":true,"href":"https:\/\/westbau.it\/it\/wp-json\/wp\/v2\/comments?post=1200"}],"version-history":[{"count":25,"href":"https:\/\/westbau.it\/it\/wp-json\/wp\/v2\/pages\/1200\/revisions"}],"predecessor-version":[{"id":1226,"href":"https:\/\/westbau.it\/it\/wp-json\/wp\/v2\/pages\/1200\/revisions\/1226"}],"wp:attachment":[{"href":"https:\/\/westbau.it\/it\/wp-json\/wp\/v2\/media?parent=1200"}],"curies":[{"name":"wp","href":"https:\/\/api.w.org\/{rel}","templated":true}]}}