{"id":1244,"date":"2024-02-21T12:13:00","date_gmt":"2024-02-21T12:13:00","guid":{"rendered":"https:\/\/westbau.it\/?page_id=1244"},"modified":"2024-02-21T12:16:51","modified_gmt":"2024-02-21T12:16:51","slug":"cookie-policy","status":"publish","type":"page","link":"https:\/\/westbau.it\/en\/cookie-policy\/","title":{"rendered":"Cookie Policy"},"content":{"rendered":"<div data-elementor-type=\"wp-page\" data-elementor-id=\"1244\" class=\"elementor elementor-1244\" data-elementor-post-type=\"page\">\n\t\t\t\t\t\t<section class=\"elementor-section elementor-top-section elementor-element elementor-element-228162ef elementor-section-content-middle elementor-section-boxed elementor-section-height-default elementor-section-height-default\" data-id=\"228162ef\" data-element_type=\"section\" data-settings=\"{&quot;background_background&quot;:&quot;classic&quot;}\">\n\t\t\t\t\t\t<div class=\"elementor-container elementor-column-gap-default\">\n\t\t\t\t\t<div class=\"elementor-column elementor-col-100 elementor-top-column elementor-element elementor-element-2ebf2da9\" data-id=\"2ebf2da9\" data-element_type=\"column\">\n\t\t\t<div class=\"elementor-widget-wrap elementor-element-populated\">\n\t\t\t\t\t\t<div class=\"elementor-element elementor-element-7ec9e24 elementor-widget elementor-widget-heading\" data-id=\"7ec9e24\" data-element_type=\"widget\" data-widget_type=\"heading.default\">\n\t\t\t\t<div class=\"elementor-widget-container\">\n\t\t\t<style>\/*! elementor - v3.21.0 - 26-05-2024 *\/\n.elementor-heading-title{padding:0;margin:0;line-height:1}.elementor-widget-heading .elementor-heading-title[class*=elementor-size-]>a{color:inherit;font-size:inherit;line-height:inherit}.elementor-widget-heading .elementor-heading-title.elementor-size-small{font-size:15px}.elementor-widget-heading .elementor-heading-title.elementor-size-medium{font-size:19px}.elementor-widget-heading .elementor-heading-title.elementor-size-large{font-size:29px}.elementor-widget-heading .elementor-heading-title.elementor-size-xl{font-size:39px}.elementor-widget-heading .elementor-heading-title.elementor-size-xxl{font-size:59px}<\/style><h2 class=\"elementor-heading-title elementor-size-default\">Cookie Policy<\/h2>\t\t<\/div>\n\t\t\t\t<\/div>\n\t\t\t\t<div class=\"elementor-element elementor-element-4b981b18 elementor-widget elementor-widget-text-editor\" data-id=\"4b981b18\" data-element_type=\"widget\" data-widget_type=\"text-editor.default\">\n\t\t\t\t<div class=\"elementor-widget-container\">\n\t\t\t<style>\/*! elementor - v3.21.0 - 26-05-2024 *\/\n.elementor-widget-text-editor.elementor-drop-cap-view-stacked .elementor-drop-cap{background-color:#69727d;color:#fff}.elementor-widget-text-editor.elementor-drop-cap-view-framed .elementor-drop-cap{color:#69727d;border:3px solid;background-color:transparent}.elementor-widget-text-editor:not(.elementor-drop-cap-view-default) .elementor-drop-cap{margin-top:8px}.elementor-widget-text-editor:not(.elementor-drop-cap-view-default) .elementor-drop-cap-letter{width:1em;height:1em}.elementor-widget-text-editor .elementor-drop-cap{float:left;text-align:center;line-height:1;font-size:50px}.elementor-widget-text-editor .elementor-drop-cap-letter{display:inline-block}<\/style>\t\t\t\tWestbau Gmbh, Inhaber der Datenverarbeitung, informiert die Nutzer dieser Website und der entsprechenden Subdomains \u00fcber die Art der verwendeten Cookies und \u00fcber die Zwecke, die mit den gesammelten Informationen verfolgt werden, und gibt Hinweise zur Entfernung der einzelnen Cookies.\t\t\t\t\t\t<\/div>\n\t\t\t\t<\/div>\n\t\t\t\t<div class=\"elementor-element elementor-element-742f14a elementor-widget elementor-widget-heading\" data-id=\"742f14a\" data-element_type=\"widget\" data-widget_type=\"heading.default\">\n\t\t\t\t<div class=\"elementor-widget-container\">\n\t\t\t<h3 class=\"elementor-heading-title elementor-size-default\">Verwendete Cookies<\/h3>\t\t<\/div>\n\t\t\t\t<\/div>\n\t\t\t\t<div class=\"elementor-element elementor-element-05a0dde elementor-widget elementor-widget-text-editor\" data-id=\"05a0dde\" data-element_type=\"widget\" data-widget_type=\"text-editor.default\">\n\t\t\t\t<div class=\"elementor-widget-container\">\n\t\t\t\t\t\t\tDer Inhaber verwendet ausschlie\u00dflich technische Cookies, um dem Nutzer das korrekte und sichere Navigieren auf der Website zu erm\u00f6glichen. Cookies, die m\u00f6glicherweise nachteilig f\u00fcr die Vertraulichkeit der Navigation seitens des Benutzers sind, werden nicht installiert, und es werden keine Personenkenndaten des Benutzers erhoben.\nAuf dieser Webseite sind Cookies Dritter aktiv, die von einer anderen Website eingerichtet wurden als jener, die der Nutzer gerade besucht.\n\t\t\t\t\t\t<\/div>\n\t\t\t\t<\/div>\n\t\t\t\t<div class=\"elementor-element elementor-element-6777df4 elementor-widget elementor-widget-heading\" data-id=\"6777df4\" data-element_type=\"widget\" data-widget_type=\"heading.default\">\n\t\t\t\t<div class=\"elementor-widget-container\">\n\t\t\t<h3 class=\"elementor-heading-title elementor-size-default\">Technische Cookies<\/h3>\t\t<\/div>\n\t\t\t\t<\/div>\n\t\t\t\t<div class=\"elementor-element elementor-element-c1e128f elementor-widget elementor-widget-text-editor\" data-id=\"c1e128f\" data-element_type=\"widget\" data-widget_type=\"text-editor.default\">\n\t\t\t\t<div class=\"elementor-widget-container\">\n\t\t\t\t\t\t\t<p>NAME DES COOKIES: cookie-agreed, ookie-agreed-categories, cookie-agreed-version<br \/>ZWECK: speichert die Cookie-Einstellung des Cookie-Banners<br \/>F\u00c4LLIGKEIT: 30 Tage<br \/>URSPRUNG: EU Cookie Compliance (GDPR Compliance), Drupal Modul<br \/>NAME DES COOKIES: __cf_bm<br \/>ZWECK:Anfragen von Bots zu lesen und zu filtern<br \/>F\u00c4LLIGKEIT: 30 Minuten<br \/>URSPRUNG: CloudFlare<\/p>\t\t\t\t\t\t<\/div>\n\t\t\t\t<\/div>\n\t\t\t\t<div class=\"elementor-element elementor-element-f37801b elementor-widget elementor-widget-heading\" data-id=\"f37801b\" data-element_type=\"widget\" data-widget_type=\"heading.default\">\n\t\t\t\t<div class=\"elementor-widget-container\">\n\t\t\t<h3 class=\"elementor-heading-title elementor-size-default\">Verwaltung der Cookies<\/h3>\t\t<\/div>\n\t\t\t\t<\/div>\n\t\t\t\t<div class=\"elementor-element elementor-element-da99043 elementor-widget elementor-widget-text-editor\" data-id=\"da99043\" data-element_type=\"widget\" data-widget_type=\"text-editor.default\">\n\t\t\t\t<div class=\"elementor-widget-container\">\n\t\t\t\t\t\t\t<p>F\u00fcr weitere Informationen bez\u00fcglich personalisierter Einstellungen zur Nutzung von Cookies durch den eigenen Navigationsbrowser wird auf folgende Links verwiesen:<br \/>Internet Explorer: <a href=\"https:\/\/support.microsoft.com\/de-de\/help\/278835\/\">https:\/\/support.microsoft.com\/de-de\/help\/278835\/<\/a><br \/>Chrome: <a href=\"https:\/\/support.google.com\/chrome\/answer\/95647?hl=de-\">https:\/\/support.google.com\/chrome\/answer\/95647?hl=de-<\/a>DE<br \/>Safari : <a href=\"https:\/\/support.apple.com\/de-de\/HT201265\">https:\/\/support.apple.com\/de-de\/HT201265<\/a><br \/>Safari (mobile) : <a href=\"https:\/\/support.apple.com\/de-de\/HT201265\">https:\/\/support.apple.com\/de-de\/HT201265<\/a><br \/>Firefox: <a href=\"http:\/\/mzl.la\/1BAQFQq\">http:\/\/mzl.la\/1BAQFQq<\/a><br \/>Android: <a href=\"https:\/\/support.google.com\/accounts\/answer\/61416?hl=de\">https:\/\/support.google.com\/accounts\/answer\/61416?hl=de<\/a><br \/>Opera: <a href=\"https:\/\/help.opera.com\/de\/latest\/security-and-privacy\/\">https:\/\/help.opera.com\/de\/latest\/security-and-privacy\/<\/a><\/p>\t\t\t\t\t\t<\/div>\n\t\t\t\t<\/div>\n\t\t\t\t<div class=\"elementor-element elementor-element-f5883be elementor-widget elementor-widget-heading\" data-id=\"f5883be\" data-element_type=\"widget\" data-widget_type=\"heading.default\">\n\t\t\t\t<div class=\"elementor-widget-container\">\n\t\t\t<h3 class=\"elementor-heading-title elementor-size-default\">Zustimmungserteilung<\/h3>\t\t<\/div>\n\t\t\t\t<\/div>\n\t\t\t\t<div class=\"elementor-element elementor-element-b250f02 elementor-widget elementor-widget-text-editor\" data-id=\"b250f02\" data-element_type=\"widget\" data-widget_type=\"text-editor.default\">\n\t\t\t\t<div class=\"elementor-widget-container\">\n\t\t\t\t\t\t\tLaut geltenden Vorschriften ist keine Zustimmung des Nutzers f\u00fcr die Verwendung technischer Cookies erforderlich, da es sich um Cookies handelt, die f\u00fcr das Funktionieren der Internetseite unentbehrlich sind bzw. notwendig sind, um die vom Nutzer angeforderten Dienste bereitzustellen.\nZu den technischen Cookies, die keine ausdr\u00fcckliche Zustimmung f\u00fcr ihre Verwendung ben\u00f6tigen, z\u00e4hlt die Beh\u00f6rde f\u00fcr den Schutz personenbezogener Daten (vgl. Ma\u00dfnahme vom 08.05.2014) auch Navigations- oder Sessions-Cookies (notwendig f\u00fcr die Authentifizierung oder um einen Kauf zu t\u00e4tigen) sowie Analytics-Cookies, direkt eingesetzt durch den Seitenbetreiber, um Informationen in geb\u00fcndelter Form bez\u00fcglich Anzahl und Verhalten der Nutzer ebendieser Website zu sammeln.\nDie Profilierungs-Cookies bed\u00fcrfen der vorherigen Zustimmung seitens des Nutzers. Diese Webseite verwendet keine Profilierungs-Cookies.\n\t\t\t\t\t\t<\/div>\n\t\t\t\t<\/div>\n\t\t\t\t\t<\/div>\n\t\t<\/div>\n\t\t\t\t\t<\/div>\n\t\t<\/section>\n\t\t\t\t<\/div>","protected":false},"excerpt":{"rendered":"<p>Cookie Policy Westbau Gmbh, Inhaber der Datenverarbeitung, informiert die Nutzer dieser Website und der entsprechenden Subdomains \u00fcber die Art der verwendeten Cookies und \u00fcber die Zwecke, die mit den gesammelten Informationen verfolgt werden, und gibt Hinweise zur Entfernung der einzelnen Cookies. Verwendete Cookies Der Inhaber verwendet ausschlie\u00dflich technische Cookies, um dem Nutzer das korrekte und [&hellip;]<\/p>","protected":false},"author":1,"featured_media":0,"parent":0,"menu_order":0,"comment_status":"closed","ping_status":"closed","template":"elementor_header_footer","meta":{"footnotes":""},"class_list":["post-1244","page","type-page","status-publish","hentry"],"yoast_head":"<!-- This site is optimized with the Yoast SEO plugin v23.5 - https:\/\/yoast.com\/wordpress\/plugins\/seo\/ -->\n<title>Cookie Policy - WESTBAU<\/title>\n<meta name=\"robots\" content=\"index, follow, max-snippet:-1, max-image-preview:large, max-video-preview:-1\" \/>\n<link rel=\"canonical\" href=\"https:\/\/westbau.it\/en\/cookie-policy\/\" \/>\n<meta property=\"og:locale\" content=\"en_US\" \/>\n<meta property=\"og:type\" content=\"article\" \/>\n<meta property=\"og:title\" content=\"Cookie Policy - WESTBAU\" \/>\n<meta property=\"og:description\" content=\"Cookie Policy Westbau Gmbh, Inhaber der Datenverarbeitung, informiert die Nutzer dieser Website und der entsprechenden Subdomains \u00fcber die Art der verwendeten Cookies und \u00fcber die Zwecke, die mit den gesammelten Informationen verfolgt werden, und gibt Hinweise zur Entfernung der einzelnen Cookies. Verwendete Cookies Der Inhaber verwendet ausschlie\u00dflich technische Cookies, um dem Nutzer das korrekte und [&hellip;]\" \/>\n<meta property=\"og:url\" content=\"https:\/\/westbau.it\/en\/cookie-policy\/\" \/>\n<meta property=\"og:site_name\" content=\"WESTBAU\" \/>\n<meta property=\"article:modified_time\" content=\"2024-02-21T12:16:51+00:00\" \/>\n<meta property=\"og:image\" content=\"https:\/\/westbau.it\/wp-content\/uploads\/2024\/02\/WESTBAU-Logo.png\" \/>\n\t<meta property=\"og:image:width\" content=\"3366\" \/>\n\t<meta property=\"og:image:height\" content=\"845\" \/>\n\t<meta property=\"og:image:type\" content=\"image\/png\" \/>\n<meta name=\"twitter:card\" content=\"summary_large_image\" \/>\n<meta name=\"twitter:label1\" content=\"Est. reading time\" \/>\n\t<meta name=\"twitter:data1\" content=\"2 minutes\" \/>\n<script type=\"application\/ld+json\" class=\"yoast-schema-graph\">{\"@context\":\"https:\/\/schema.org\",\"@graph\":[{\"@type\":\"WebPage\",\"@id\":\"https:\/\/westbau.it\/cookie-policy\/\",\"url\":\"https:\/\/westbau.it\/cookie-policy\/\",\"name\":\"Cookie Policy - WESTBAU\",\"isPartOf\":{\"@id\":\"https:\/\/westbau.it\/#website\"},\"datePublished\":\"2024-02-21T12:13:00+00:00\",\"dateModified\":\"2024-02-21T12:16:51+00:00\",\"breadcrumb\":{\"@id\":\"https:\/\/westbau.it\/cookie-policy\/#breadcrumb\"},\"inLanguage\":\"en-US\",\"potentialAction\":[{\"@type\":\"ReadAction\",\"target\":[\"https:\/\/westbau.it\/cookie-policy\/\"]}]},{\"@type\":\"BreadcrumbList\",\"@id\":\"https:\/\/westbau.it\/cookie-policy\/#breadcrumb\",\"itemListElement\":[{\"@type\":\"ListItem\",\"position\":1,\"name\":\"Startseite\",\"item\":\"https:\/\/westbau.it\/\"},{\"@type\":\"ListItem\",\"position\":2,\"name\":\"Cookie Policy\"}]},{\"@type\":\"WebSite\",\"@id\":\"https:\/\/westbau.it\/#website\",\"url\":\"https:\/\/westbau.it\/\",\"name\":\"WESTBAU\",\"description\":\"WOHNTR\u00c4UME IM ALPENRAUM\",\"publisher\":{\"@id\":\"https:\/\/westbau.it\/#organization\"},\"potentialAction\":[{\"@type\":\"SearchAction\",\"target\":{\"@type\":\"EntryPoint\",\"urlTemplate\":\"https:\/\/westbau.it\/?s={search_term_string}\"},\"query-input\":{\"@type\":\"PropertyValueSpecification\",\"valueRequired\":true,\"valueName\":\"search_term_string\"}}],\"inLanguage\":\"en-US\"},{\"@type\":\"Organization\",\"@id\":\"https:\/\/westbau.it\/#organization\",\"name\":\"WESTBAU\",\"url\":\"https:\/\/westbau.it\/\",\"logo\":{\"@type\":\"ImageObject\",\"inLanguage\":\"en-US\",\"@id\":\"https:\/\/westbau.it\/#\/schema\/logo\/image\/\",\"url\":\"https:\/\/westbau.it\/wp-content\/uploads\/2024\/02\/logo-scaled.jpg\",\"contentUrl\":\"https:\/\/westbau.it\/wp-content\/uploads\/2024\/02\/logo-scaled.jpg\",\"width\":2560,\"height\":643,\"caption\":\"WESTBAU\"},\"image\":{\"@id\":\"https:\/\/westbau.it\/#\/schema\/logo\/image\/\"}}]}<\/script>\n<!-- \/ Yoast SEO plugin. -->","yoast_head_json":{"title":"Cookie Policy - WESTBAU","robots":{"index":"index","follow":"follow","max-snippet":"max-snippet:-1","max-image-preview":"max-image-preview:large","max-video-preview":"max-video-preview:-1"},"canonical":"https:\/\/westbau.it\/en\/cookie-policy\/","og_locale":"en_US","og_type":"article","og_title":"Cookie Policy - WESTBAU","og_description":"Cookie Policy Westbau Gmbh, Inhaber der Datenverarbeitung, informiert die Nutzer dieser Website und der entsprechenden Subdomains \u00fcber die Art der verwendeten Cookies und \u00fcber die Zwecke, die mit den gesammelten Informationen verfolgt werden, und gibt Hinweise zur Entfernung der einzelnen Cookies. Verwendete Cookies Der Inhaber verwendet ausschlie\u00dflich technische Cookies, um dem Nutzer das korrekte und [&hellip;]","og_url":"https:\/\/westbau.it\/en\/cookie-policy\/","og_site_name":"WESTBAU","article_modified_time":"2024-02-21T12:16:51+00:00","og_image":[{"width":3366,"height":845,"url":"https:\/\/westbau.it\/wp-content\/uploads\/2024\/02\/WESTBAU-Logo.png","type":"image\/png"}],"twitter_card":"summary_large_image","twitter_misc":{"Est. reading time":"2 minutes"},"schema":{"@context":"https:\/\/schema.org","@graph":[{"@type":"WebPage","@id":"https:\/\/westbau.it\/cookie-policy\/","url":"https:\/\/westbau.it\/cookie-policy\/","name":"Cookie Policy - WESTBAU","isPartOf":{"@id":"https:\/\/westbau.it\/#website"},"datePublished":"2024-02-21T12:13:00+00:00","dateModified":"2024-02-21T12:16:51+00:00","breadcrumb":{"@id":"https:\/\/westbau.it\/cookie-policy\/#breadcrumb"},"inLanguage":"en-US","potentialAction":[{"@type":"ReadAction","target":["https:\/\/westbau.it\/cookie-policy\/"]}]},{"@type":"BreadcrumbList","@id":"https:\/\/westbau.it\/cookie-policy\/#breadcrumb","itemListElement":[{"@type":"ListItem","position":1,"name":"Startseite","item":"https:\/\/westbau.it\/"},{"@type":"ListItem","position":2,"name":"Cookie Policy"}]},{"@type":"WebSite","@id":"https:\/\/westbau.it\/#website","url":"https:\/\/westbau.it\/","name":"WESTBAU","description":"WOHNTR\u00c4UME IM ALPENRAUM","publisher":{"@id":"https:\/\/westbau.it\/#organization"},"potentialAction":[{"@type":"SearchAction","target":{"@type":"EntryPoint","urlTemplate":"https:\/\/westbau.it\/?s={search_term_string}"},"query-input":{"@type":"PropertyValueSpecification","valueRequired":true,"valueName":"search_term_string"}}],"inLanguage":"en-US"},{"@type":"Organization","@id":"https:\/\/westbau.it\/#organization","name":"WESTBAU","url":"https:\/\/westbau.it\/","logo":{"@type":"ImageObject","inLanguage":"en-US","@id":"https:\/\/westbau.it\/#\/schema\/logo\/image\/","url":"https:\/\/westbau.it\/wp-content\/uploads\/2024\/02\/logo-scaled.jpg","contentUrl":"https:\/\/westbau.it\/wp-content\/uploads\/2024\/02\/logo-scaled.jpg","width":2560,"height":643,"caption":"WESTBAU"},"image":{"@id":"https:\/\/westbau.it\/#\/schema\/logo\/image\/"}}]}},"_links":{"self":[{"href":"https:\/\/westbau.it\/en\/wp-json\/wp\/v2\/pages\/1244","targetHints":{"allow":["GET"]}}],"collection":[{"href":"https:\/\/westbau.it\/en\/wp-json\/wp\/v2\/pages"}],"about":[{"href":"https:\/\/westbau.it\/en\/wp-json\/wp\/v2\/types\/page"}],"author":[{"embeddable":true,"href":"https:\/\/westbau.it\/en\/wp-json\/wp\/v2\/users\/1"}],"replies":[{"embeddable":true,"href":"https:\/\/westbau.it\/en\/wp-json\/wp\/v2\/comments?post=1244"}],"version-history":[{"count":10,"href":"https:\/\/westbau.it\/en\/wp-json\/wp\/v2\/pages\/1244\/revisions"}],"predecessor-version":[{"id":1254,"href":"https:\/\/westbau.it\/en\/wp-json\/wp\/v2\/pages\/1244\/revisions\/1254"}],"wp:attachment":[{"href":"https:\/\/westbau.it\/en\/wp-json\/wp\/v2\/media?parent=1244"}],"curies":[{"name":"wp","href":"https:\/\/api.w.org\/{rel}","templated":true}]}}