{"id":1200,"date":"2024-02-21T12:03:25","date_gmt":"2024-02-21T12:03:25","guid":{"rendered":"https:\/\/westbau.it\/?page_id=1200"},"modified":"2024-02-21T12:08:49","modified_gmt":"2024-02-21T12:08:49","slug":"datenschutzerklarung","status":"publish","type":"page","link":"https:\/\/westbau.it\/en\/datenschutzerklarung\/","title":{"rendered":"DATENSCHUTZERKL\u00c4RUNG"},"content":{"rendered":"<div data-elementor-type=\"wp-page\" data-elementor-id=\"1200\" class=\"elementor elementor-1200\" data-elementor-post-type=\"page\">\n\t\t\t\t\t\t<section class=\"elementor-section elementor-top-section elementor-element elementor-element-228162ef elementor-section-content-middle elementor-section-boxed elementor-section-height-default elementor-section-height-default\" data-id=\"228162ef\" data-element_type=\"section\" data-settings=\"{&quot;background_background&quot;:&quot;classic&quot;}\">\n\t\t\t\t\t\t<div class=\"elementor-container elementor-column-gap-default\">\n\t\t\t\t\t<div class=\"elementor-column elementor-col-100 elementor-top-column elementor-element elementor-element-2ebf2da9\" data-id=\"2ebf2da9\" data-element_type=\"column\">\n\t\t\t<div class=\"elementor-widget-wrap elementor-element-populated\">\n\t\t\t\t\t\t<div class=\"elementor-element elementor-element-7ec9e24 elementor-widget elementor-widget-heading\" data-id=\"7ec9e24\" data-element_type=\"widget\" data-widget_type=\"heading.default\">\n\t\t\t\t<div class=\"elementor-widget-container\">\n\t\t\t<style>\/*! elementor - v3.21.0 - 26-05-2024 *\/\n.elementor-heading-title{padding:0;margin:0;line-height:1}.elementor-widget-heading .elementor-heading-title[class*=elementor-size-]>a{color:inherit;font-size:inherit;line-height:inherit}.elementor-widget-heading .elementor-heading-title.elementor-size-small{font-size:15px}.elementor-widget-heading .elementor-heading-title.elementor-size-medium{font-size:19px}.elementor-widget-heading .elementor-heading-title.elementor-size-large{font-size:29px}.elementor-widget-heading .elementor-heading-title.elementor-size-xl{font-size:39px}.elementor-widget-heading .elementor-heading-title.elementor-size-xxl{font-size:59px}<\/style><h2 class=\"elementor-heading-title elementor-size-default\">PRIVACY POLICY<\/h2>\t\t<\/div>\n\t\t\t\t<\/div>\n\t\t\t\t<div class=\"elementor-element elementor-element-8aec1bc elementor-widget elementor-widget-heading\" data-id=\"8aec1bc\" data-element_type=\"widget\" data-widget_type=\"heading.default\">\n\t\t\t\t<div class=\"elementor-widget-container\">\n\t\t\t<h2 class=\"elementor-heading-title elementor-size-default\">General Information and Mandatory Disclosures<\/h2>\t\t<\/div>\n\t\t\t\t<\/div>\n\t\t\t\t<div class=\"elementor-element elementor-element-4b981b18 elementor-widget elementor-widget-text-editor\" data-id=\"4b981b18\" data-element_type=\"widget\" data-widget_type=\"text-editor.default\">\n\t\t\t\t<div class=\"elementor-widget-container\">\n\t\t\t<style>\/*! elementor - v3.21.0 - 26-05-2024 *\/\n.elementor-widget-text-editor.elementor-drop-cap-view-stacked .elementor-drop-cap{background-color:#69727d;color:#fff}.elementor-widget-text-editor.elementor-drop-cap-view-framed .elementor-drop-cap{color:#69727d;border:3px solid;background-color:transparent}.elementor-widget-text-editor:not(.elementor-drop-cap-view-default) .elementor-drop-cap{margin-top:8px}.elementor-widget-text-editor:not(.elementor-drop-cap-view-default) .elementor-drop-cap-letter{width:1em;height:1em}.elementor-widget-text-editor .elementor-drop-cap{float:left;text-align:center;line-height:1;font-size:50px}.elementor-widget-text-editor .elementor-drop-cap-letter{display:inline-block}<\/style>\t\t\t\t<h3>Designation of the Responsible Entity<\/h3>\nThe responsible entity for data processing on this website is:\n\n<span id=\"s3-t-firma\">Westbau GmbH<\/span>\n<span id=\"s3-t-ansprechpartner\">Westbau Gmbh<\/span>\n<span id=\"s3-t-strasse\">auf\nder Station Nr. 16<\/span>\n<span id=\"s3-t-plz\">39010<\/span> <span id=\"s3-t-ort\">St. Pankraz (BZ)<\/span>\n\nThe responsible entity, alone or jointly with others, decides on the purposes and means of processing personal data (e.g., names, contact details, etc.).\n<h3>Revocation of Your Consent to Data Processing<\/h3>\nSome data processing operations are only possible with your explicit consent. You can revoke your already given consent at any time. A simple informal communication via email is sufficient for the revocation. The legality of the data processing carried out until the revocation remains unaffected by the revocation.\n<h3>Right to Complain to the Competent Supervisory Authority<\/h3>\nAs an affected party, you have the right to file a complaint with the competent supervisory authority in case of a data protection law violation. The competent supervisory authority for data protection issues is the state data protection officer of the federal state in which our company is based. The following link provides a list of data protection officers and their contact details: <a href=\"https:\/\/www.bfdi.bund.de\/DE\/Infothek\/Anschriften_Links\/anschriften_links-node.html\" target=\"_blank\" rel=\"noopener\">https:\/\/www.bfdi.bund.de\/DE\/Infothek\/Anschriften_Links\/anschriften_links-node.html<\/a>.\n<h3>Right to Data Portability<\/h3>\nYou have the right to have data that we process based on your consent or in fulfillment of a contract automatically handed over to you or to a third party. The provision is made in a machine-readable format. If you request the direct transfer of data to another responsible party, this will only be done to the extent technically feasible.\n<h3>Right to Information, Correction, Blocking, Deletion<\/h3>\nWithin the framework of the applicable legal provisions, you have the right to free information about your stored personal data, their origin, recipients, and the purpose of the data processing at any time and, if necessary, a right to correction, blocking, or deletion of these data. For this purpose, as well as for further questions on the subject of personal data, you can contact us at any time via the contact options listed in the legal notice.\n<h3>SSL or TLS Encryption<\/h3>\nFor security reasons and to protect the transmission of confidential content that you send to us as the site operator, our website uses SSL or TLS encryption. You can recognize an encrypted connection by the \"https:\/\/\" address line of your browser and the lock symbol in the browser line.\n<h2>Data Protection Officer<\/h2>\nWe have appointed a data protection officer.\nWESTBAU GMBH \nAuf der Station, 16, \n39010 San Pancrazio BZ\nEmail: info@westbau.it\n<h2>Server Log Files<\/h2>\nThe provider of the website automatically collects and stores information in server log files that your browser automatically transmits to us. These are:\n\nVisited page on our domain\nDate and time of the server request\nBrowser type and version\nOperating system used\nReferrer URL\nHostname of the accessing computer\nIP address\nThere is no merging of this data with other data sources. The basis for data processing is Art. 6(1)(b) GDPR, which permits the processing of data for the fulfillment of a contract or pre-contractual measures.\n<ul>\n \t<li>Besuchte Seite auf unserer Domain<\/li>\n \t<li>Datum und Uhrzeit der Serveranfrage<\/li>\n \t<li>Browsertyp und Browserversion<\/li>\n \t<li>Verwendetes Betriebssystem<\/li>\n \t<li>Referrer URL<\/li>\n \t<li>Hostname des zugreifenden Rechners<\/li>\n \t<li>IP-Adresse<\/li>\n<\/ul>\nThere is no merging of this data with other data sources. The basis for data processing is Art. 6(1)(b) GDPR, which permits the processing of data for the fulfillment of a contract or pre-contractual measures.\n<h2>Contact Form<\/h2>\nData transmitted via the contact form, including your contact details, will be stored to process your request or to be available for follow-up questions. This data will not be passed on without your consent. The processing of the data entered in the contact form is exclusively based on your consent (Art. 6(1)(a) GDPR). You can revoke your consent at any time. A simple informal communication via email is sufficient for the revocation. The legality of the data processing carried out until the revocation remains unaffected by the revocation. Data transmitted via the contact form will remain with us until you request deletion, revoke your consent to storage, or there is no longer a need for data storage. Mandatory legal provisions \u2013 especially retention periods \u2013 remain unaffected.\n<h2>Newsletter Data<\/h2>\nTo send our newsletter, we need an email address from you. Verification of the provided email address is necessary, and consent to receive the newsletter must be given. No additional data is collected or is only provided voluntarily. The use of the data is exclusively for sending the newsletter. Data provided during newsletter registration is processed based on your consent (Art. 6(1)(a) GDPR). You can revoke your consent at any time. A simple informal communication via email or the \"unsubscribe\" link in the newsletter is sufficient for the revocation. The legality of the already carried out data processing remains unaffected by the revocation. Data entered to set up the subscription will be deleted in the event of unsubscription. If this data has been transmitted to us for other purposes and elsewhere, it will remain with us.\n<h2>Cookies<\/h2>\nOur website uses cookies. These are small text files that your web browser stores on your end device. Cookies help us to make our offer more user-friendly, effective, and secure. Some cookies are \"session cookies.\" Such cookies are automatically deleted after your browser session ends. On the other hand, other cookies remain on your end device until you delete them. Such cookies help us to recognize you when you return to our website. With a modern web browser, you can monitor, restrict, or prevent the setting of cookies. Many web browsers can be configured to automatically delete cookies when the program is closed. Disabling cookies may result in limited functionality of our website. The setting of cookies that are necessary for electronic communication processes or the provision of certain, you-desired functions (e.g., shopping cart) is based on Art. 6(1)(f) GDPR. As the operator of this website, we have a legitimate interest in storing cookies for the technically error-free and smooth provision of our services. If other cookies (e.g., for analysis functions) are set, they will be treated separately in this privacy policy.\n<h2>YouTube Videos<\/h2>\n<h3>Nature and Scope of Processing<\/h3>\nWe have integrated YouTube videos on our website. YouTube is a component of the YouTube, LLC video platform, where users can upload content, share it over the internet, and receive detailed statistics. YouTube uses cookies and other browser technologies to evaluate user behavior, recognize users, and create user profiles. This information is used, among other things, to analyze the activity of the content viewed and to create reports. If a user is registered with YouTube, LLC, YouTube can associate the videos watched with the user's profile. When you access this content, you connect to the servers of YouTube, LLC, Google Ireland Limited, Gordon House, Barrow Street Dublin 4 Ireland, transmitting your IP address and possibly browser data such as your user agent.\n<h3>Purpose and Legal Basis<\/h3>\nThe use of the service is based on your consent according to Art. 6(1)(a) GDPR and \u00a7 25(1) TTDSG. We intend to transfer personal data to third countries outside the European Economic Area, especially the USA. In cases where no adequacy decision by the European Commission exists (e.g., in the USA), we have agreed with the recipients of the data on other appropriate safeguards in accordance with Art. 44 ff. GDPR. These are, unless otherwise specified, standard contractual clauses of the EU Commission according to the Implementing Decision (EU) 2021\/914 of 4 June 2021. You can view a copy of these standard contractual clauses at https:\/\/eur-lex.europa.eu\/legal-content\/DE\/TXT\/HTML\/?uri=CELEX:32021D0914&amp;from=DE. Additionally, we obtain your consent for such third-country transfers according to Art. 49(1)(1)(a) GDPR, which you provide via the consent manager (or other forms, registrations, etc.). We would like to point out that there may be unknown risks associated with third-country transfers (e.g., data processing by third-country security authorities, whose exact scope and consequences we do not know, cannot influence, and may not be aware of). <a href=\"https:\/\/eur-lex.europa.eu\/legal-content\/DE\/TXT\/HTML\/? uri=CELEX:32021D0914&amp;from=DE\">https:\/\/eur-lex.europa.eu\/legal-content\/DE\/TXT\/HTML\/?\nuri=CELEX:32021D0914&amp;from=DE<\/a> einsehen.\n\nZudem holen wir vor einem solchen Drittlandtransfer Ihre Einwilligung nach Art. 49 Abs. 1 Satz 1 lit.\na. DSGVO ein, die Sie \u00fcber die Einwilligung im Consent Manager (oder sonstigen Formularen,\nRegistrierungen etc.) erteilen. Wir weisen Sie darauf hin, dass bei Drittland\u00fcbermittlungen im Detail\nunbekannte Risiken (z.B. die Datenverarbeitung durch Sicherheitsbeh\u00f6rden des Drittlandes, deren\ngenauer Umfang und deren Folgen f\u00fcr Sie wir nicht kennen, auf die wir keinen Einfluss haben und von\ndenen Sie unter Umst\u00e4nden keine Kenntnis erlangen) bestehen k\u00f6nnen.\n<h3>Storage Duration<\/h3>\nThe specific storage duration of the processed data is beyond our control and is determined by YouTube, LLC. Further information can be found in the privacy policy for YouTube: https:\/\/policies.google.com\/privacy. <a href=\"https:\/\/policies.google.com\/privacy\">https:\/\/policies.google.com\/privacy<\/a>.\n<h2>Google Maps<\/h2>\n<h3>Nature and Scope of Processing<\/h3>\nWe use the Google Maps service for creating directions. Google Maps is a service of Google Ireland Limited that displays a map on our website. When you access this content on our website, you connect to the servers of Google Ireland Limited, Gordon House, Barrow Street, Dublin 4, Ireland, transmitting your IP address and possibly browser data such as your user agent. This data is processed exclusively for the aforementioned purposes and to maintain the security and functionality of Google Maps.\n<h3>Purpose and Legal Basis<\/h3>\nThe use of Google Maps is based on your consent according to Art. 6(1)(a) GDPR and \u00a7 25(1) TTDSG. We intend to transfer personal data to third countries outside the European Economic Area, especially the USA. In cases where no adequacy decision by the European Commission exists (e.g., in the USA), we have agreed with the recipients of the data on other appropriate safeguards in accordance with Art. 44 ff. GDPR. These are, unless otherwise specified, standard contractual clauses of the EU Commission according to the Implementing Decision (EU) 2021\/914 of 4 June 2021. You can view a copy of these standard contractual clauses at [https:\/\/eur-lex.europa.eu\/legal-content\/DE\/TXT\/HTML\/?uri=CELEX:32021D091 <a href=\"https:\/\/eur-lex.europa.eu\/legalcontent\/DE\/TXT\/HTML\/?uri=CELEX:32021D0914&amp;from=DE\">https:\/\/eur-lex.europa.eu\/legalcontent\/DE\/TXT\/HTML\/?uri=CELEX:32021D0914&amp;from=DE<\/a> i\n<h3>Storage Duration<\/h3>\nThe specific storage duration of the processed data is beyond our control and is determined by YouTube, LLC. Further information can be found in the privacy policy for Google Maps: <a href=\"https:\/\/policies.google.com\/privacy\">https:\/\/policies.google.com\/privacy<\/a>.\n\n<small>Quelle: Datenschutz-Konfigurator von <a href=\"https:\/\/www.meindatenschutzbeauftragter.de\" target=\"_blank\" rel=\"noopener\">Mein-Datenschutzbeauftragter.de<\/a><\/small>\t\t\t\t\t\t<\/div>\n\t\t\t\t<\/div>\n\t\t\t\t\t<\/div>\n\t\t<\/div>\n\t\t\t\t\t<\/div>\n\t\t<\/section>\n\t\t\t\t<\/div>","protected":false},"excerpt":{"rendered":"<p>Datenschutzerkl\u00e4rung Allgemeiner Hinweis und Pflichtinformationen Benennung der verantwortlichen Stelle Die verantwortliche Stelle f\u00fcr die Datenverarbeitung auf dieser Website ist: Westbau GmbH Westbau Gmbh auf der Station Nr. 16 39010 St. Pankraz (BZ) Die verantwortliche Stelle entscheidet allein oder gemeinsam mit anderen \u00fcber die Zwecke und Mittel der Verarbeitung von personenbezogenen Daten (z.B. Namen, Kontaktdaten o. [&hellip;]<\/p>","protected":false},"author":1,"featured_media":0,"parent":0,"menu_order":0,"comment_status":"closed","ping_status":"closed","template":"elementor_header_footer","meta":{"footnotes":""},"class_list":["post-1200","page","type-page","status-publish","hentry"],"yoast_head":"<!-- This site is optimized with the Yoast SEO plugin v23.5 - https:\/\/yoast.com\/wordpress\/plugins\/seo\/ -->\n<title>DATENSCHUTZERKL\u00c4RUNG - WESTBAU<\/title>\n<meta name=\"robots\" content=\"index, follow, max-snippet:-1, max-image-preview:large, max-video-preview:-1\" \/>\n<link rel=\"canonical\" href=\"https:\/\/westbau.it\/en\/datenschutzerklarung\/\" \/>\n<meta property=\"og:locale\" content=\"en_US\" \/>\n<meta property=\"og:type\" content=\"article\" \/>\n<meta property=\"og:title\" content=\"DATENSCHUTZERKL\u00c4RUNG - WESTBAU\" \/>\n<meta property=\"og:description\" content=\"Datenschutzerkl\u00e4rung Allgemeiner Hinweis und Pflichtinformationen Benennung der verantwortlichen Stelle Die verantwortliche Stelle f\u00fcr die Datenverarbeitung auf dieser Website ist: Westbau GmbH Westbau Gmbh auf der Station Nr. 16 39010 St. Pankraz (BZ) Die verantwortliche Stelle entscheidet allein oder gemeinsam mit anderen \u00fcber die Zwecke und Mittel der Verarbeitung von personenbezogenen Daten (z.B. Namen, Kontaktdaten o. [&hellip;]\" \/>\n<meta property=\"og:url\" content=\"https:\/\/westbau.it\/en\/datenschutzerklarung\/\" \/>\n<meta property=\"og:site_name\" content=\"WESTBAU\" \/>\n<meta property=\"article:modified_time\" content=\"2024-02-21T12:08:49+00:00\" \/>\n<meta property=\"og:image\" content=\"https:\/\/westbau.it\/wp-content\/uploads\/2024\/02\/WESTBAU-Logo.png\" \/>\n\t<meta property=\"og:image:width\" content=\"3366\" \/>\n\t<meta property=\"og:image:height\" content=\"845\" \/>\n\t<meta property=\"og:image:type\" content=\"image\/png\" \/>\n<meta name=\"twitter:card\" content=\"summary_large_image\" \/>\n<meta name=\"twitter:label1\" content=\"Est. reading time\" \/>\n\t<meta name=\"twitter:data1\" content=\"8 minutes\" \/>\n<script type=\"application\/ld+json\" class=\"yoast-schema-graph\">{\"@context\":\"https:\/\/schema.org\",\"@graph\":[{\"@type\":\"WebPage\",\"@id\":\"https:\/\/westbau.it\/datenschutzerklarung\/\",\"url\":\"https:\/\/westbau.it\/datenschutzerklarung\/\",\"name\":\"DATENSCHUTZERKL\u00c4RUNG - WESTBAU\",\"isPartOf\":{\"@id\":\"https:\/\/westbau.it\/#website\"},\"datePublished\":\"2024-02-21T12:03:25+00:00\",\"dateModified\":\"2024-02-21T12:08:49+00:00\",\"breadcrumb\":{\"@id\":\"https:\/\/westbau.it\/datenschutzerklarung\/#breadcrumb\"},\"inLanguage\":\"en-US\",\"potentialAction\":[{\"@type\":\"ReadAction\",\"target\":[\"https:\/\/westbau.it\/datenschutzerklarung\/\"]}]},{\"@type\":\"BreadcrumbList\",\"@id\":\"https:\/\/westbau.it\/datenschutzerklarung\/#breadcrumb\",\"itemListElement\":[{\"@type\":\"ListItem\",\"position\":1,\"name\":\"Startseite\",\"item\":\"https:\/\/westbau.it\/\"},{\"@type\":\"ListItem\",\"position\":2,\"name\":\"DATENSCHUTZERKL\u00c4RUNG\"}]},{\"@type\":\"WebSite\",\"@id\":\"https:\/\/westbau.it\/#website\",\"url\":\"https:\/\/westbau.it\/\",\"name\":\"WESTBAU\",\"description\":\"WOHNTR\u00c4UME IM ALPENRAUM\",\"publisher\":{\"@id\":\"https:\/\/westbau.it\/#organization\"},\"potentialAction\":[{\"@type\":\"SearchAction\",\"target\":{\"@type\":\"EntryPoint\",\"urlTemplate\":\"https:\/\/westbau.it\/?s={search_term_string}\"},\"query-input\":{\"@type\":\"PropertyValueSpecification\",\"valueRequired\":true,\"valueName\":\"search_term_string\"}}],\"inLanguage\":\"en-US\"},{\"@type\":\"Organization\",\"@id\":\"https:\/\/westbau.it\/#organization\",\"name\":\"WESTBAU\",\"url\":\"https:\/\/westbau.it\/\",\"logo\":{\"@type\":\"ImageObject\",\"inLanguage\":\"en-US\",\"@id\":\"https:\/\/westbau.it\/#\/schema\/logo\/image\/\",\"url\":\"https:\/\/westbau.it\/wp-content\/uploads\/2024\/02\/logo-scaled.jpg\",\"contentUrl\":\"https:\/\/westbau.it\/wp-content\/uploads\/2024\/02\/logo-scaled.jpg\",\"width\":2560,\"height\":643,\"caption\":\"WESTBAU\"},\"image\":{\"@id\":\"https:\/\/westbau.it\/#\/schema\/logo\/image\/\"}}]}<\/script>\n<!-- \/ Yoast SEO plugin. -->","yoast_head_json":{"title":"DATENSCHUTZERKL\u00c4RUNG - WESTBAU","robots":{"index":"index","follow":"follow","max-snippet":"max-snippet:-1","max-image-preview":"max-image-preview:large","max-video-preview":"max-video-preview:-1"},"canonical":"https:\/\/westbau.it\/en\/datenschutzerklarung\/","og_locale":"en_US","og_type":"article","og_title":"DATENSCHUTZERKL\u00c4RUNG - WESTBAU","og_description":"Datenschutzerkl\u00e4rung Allgemeiner Hinweis und Pflichtinformationen Benennung der verantwortlichen Stelle Die verantwortliche Stelle f\u00fcr die Datenverarbeitung auf dieser Website ist: Westbau GmbH Westbau Gmbh auf der Station Nr. 16 39010 St. Pankraz (BZ) Die verantwortliche Stelle entscheidet allein oder gemeinsam mit anderen \u00fcber die Zwecke und Mittel der Verarbeitung von personenbezogenen Daten (z.B. Namen, Kontaktdaten o. [&hellip;]","og_url":"https:\/\/westbau.it\/en\/datenschutzerklarung\/","og_site_name":"WESTBAU","article_modified_time":"2024-02-21T12:08:49+00:00","og_image":[{"width":3366,"height":845,"url":"https:\/\/westbau.it\/wp-content\/uploads\/2024\/02\/WESTBAU-Logo.png","type":"image\/png"}],"twitter_card":"summary_large_image","twitter_misc":{"Est. reading time":"8 minutes"},"schema":{"@context":"https:\/\/schema.org","@graph":[{"@type":"WebPage","@id":"https:\/\/westbau.it\/datenschutzerklarung\/","url":"https:\/\/westbau.it\/datenschutzerklarung\/","name":"DATENSCHUTZERKL\u00c4RUNG - WESTBAU","isPartOf":{"@id":"https:\/\/westbau.it\/#website"},"datePublished":"2024-02-21T12:03:25+00:00","dateModified":"2024-02-21T12:08:49+00:00","breadcrumb":{"@id":"https:\/\/westbau.it\/datenschutzerklarung\/#breadcrumb"},"inLanguage":"en-US","potentialAction":[{"@type":"ReadAction","target":["https:\/\/westbau.it\/datenschutzerklarung\/"]}]},{"@type":"BreadcrumbList","@id":"https:\/\/westbau.it\/datenschutzerklarung\/#breadcrumb","itemListElement":[{"@type":"ListItem","position":1,"name":"Startseite","item":"https:\/\/westbau.it\/"},{"@type":"ListItem","position":2,"name":"DATENSCHUTZERKL\u00c4RUNG"}]},{"@type":"WebSite","@id":"https:\/\/westbau.it\/#website","url":"https:\/\/westbau.it\/","name":"WESTBAU","description":"WOHNTR\u00c4UME IM ALPENRAUM","publisher":{"@id":"https:\/\/westbau.it\/#organization"},"potentialAction":[{"@type":"SearchAction","target":{"@type":"EntryPoint","urlTemplate":"https:\/\/westbau.it\/?s={search_term_string}"},"query-input":{"@type":"PropertyValueSpecification","valueRequired":true,"valueName":"search_term_string"}}],"inLanguage":"en-US"},{"@type":"Organization","@id":"https:\/\/westbau.it\/#organization","name":"WESTBAU","url":"https:\/\/westbau.it\/","logo":{"@type":"ImageObject","inLanguage":"en-US","@id":"https:\/\/westbau.it\/#\/schema\/logo\/image\/","url":"https:\/\/westbau.it\/wp-content\/uploads\/2024\/02\/logo-scaled.jpg","contentUrl":"https:\/\/westbau.it\/wp-content\/uploads\/2024\/02\/logo-scaled.jpg","width":2560,"height":643,"caption":"WESTBAU"},"image":{"@id":"https:\/\/westbau.it\/#\/schema\/logo\/image\/"}}]}},"_links":{"self":[{"href":"https:\/\/westbau.it\/en\/wp-json\/wp\/v2\/pages\/1200","targetHints":{"allow":["GET"]}}],"collection":[{"href":"https:\/\/westbau.it\/en\/wp-json\/wp\/v2\/pages"}],"about":[{"href":"https:\/\/westbau.it\/en\/wp-json\/wp\/v2\/types\/page"}],"author":[{"embeddable":true,"href":"https:\/\/westbau.it\/en\/wp-json\/wp\/v2\/users\/1"}],"replies":[{"embeddable":true,"href":"https:\/\/westbau.it\/en\/wp-json\/wp\/v2\/comments?post=1200"}],"version-history":[{"count":25,"href":"https:\/\/westbau.it\/en\/wp-json\/wp\/v2\/pages\/1200\/revisions"}],"predecessor-version":[{"id":1226,"href":"https:\/\/westbau.it\/en\/wp-json\/wp\/v2\/pages\/1200\/revisions\/1226"}],"wp:attachment":[{"href":"https:\/\/westbau.it\/en\/wp-json\/wp\/v2\/media?parent=1200"}],"curies":[{"name":"wp","href":"https:\/\/api.w.org\/{rel}","templated":true}]}}